{"id":45592,"date":"2024-08-16T11:10:46","date_gmt":"2024-09-10T14:47:49","guid":{"rendered":"https:\/\/staging.nbg.eu\/product\/barwarus-knob-for-ak47-charging-handle\/"},"modified":"2024-09-10T14:48:42","modified_gmt":"2024-09-10T14:48:42","slug":"barwarus-knopp-foer-ak47-laddhandtag","status":"publish","type":"product","link":"https:\/\/staging.nbg.eu\/sv\/produkt\/barwarus-knopp-foer-ak47-laddhandtag\/","title":{"rendered":"Barwarus Knopp f\u00f6r AK47 (laddhandtag)"},"content":{"rendered":"<div class=\"product-description\">\n<h2>Barwarus Vred f\u00f6r AK47 Laddhandtag<\/h2>\n<p>Uppgradera din AK47 med Barwarus Vred, den ultimata f\u00f6rb\u00e4ttringen f\u00f6r ditt laddhandtag. Detta precisionstillverkade tillbeh\u00f6r monteras enkelt p\u00e5 ditt befintliga laddhandtag och ger ett smidigt, \u00f6verdimensionerat vred f\u00f6r enkel vapenhantering.<\/p>\n<ul>\n<li>Noggrant utformat f\u00f6r att passa AK47 och liknande modeller<\/li>\n<li>Ergonomisk form som passar bekv\u00e4mt i alla fingerpositioner<\/li>\n<li>S\u00e4ker passform f\u00f6rhindrar problem med l\u00f6sa vred som \u00e4r vanliga med andra modeller<\/li>\n<li>Ingen svetsning kr\u00e4vs &#8211; anv\u00e4nder befintlig l\u00e5sskruv f\u00f6r enkel installation<\/li>\n<li>Kompatibel med de flesta AK47-varianter<\/li>\n<\/ul>\n<p>Upplev f\u00f6rb\u00e4ttrad hantering och tillf\u00f6rlitlighet med Barwarus Vred. H\u00f6j din skjutupplevelse idag!<\/p>\n<\/div>\n","protected":false},"excerpt":{"rendered":"<p>F\u00f6rb\u00e4ttrad laddningshandtagsknopp f\u00f6r AK47 f\u00f6r smidigare hantering<\/p>\n","protected":false},"featured_media":101471,"template":"","meta":{"_acf_changed":false},"product_brand":[11120],"product_cat":[12987,13002],"product_tag":[],"class_list":{"0":"post-45592","1":"product","2":"type-product","3":"status-publish","4":"has-post-thumbnail","6":"product_brand-barwarus","7":"product_cat-ak-justering","8":"product_cat-gevaersjustering","10":"first","11":"outofstock","12":"taxable","13":"shipping-taxable","14":"purchasable","15":"product-type-variable","16":"wvs-archive-product-wrapper"},"acf":[],"_links":{"self":[{"href":"https:\/\/staging.nbg.eu\/sv\/wp-json\/wp\/v2\/product\/45592","targetHints":{"allow":["GET"]}}],"collection":[{"href":"https:\/\/staging.nbg.eu\/sv\/wp-json\/wp\/v2\/product"}],"about":[{"href":"https:\/\/staging.nbg.eu\/sv\/wp-json\/wp\/v2\/types\/product"}],"wp:featuredmedia":[{"embeddable":true,"href":"https:\/\/staging.nbg.eu\/sv\/wp-json\/wp\/v2\/media\/101471"}],"wp:attachment":[{"href":"https:\/\/staging.nbg.eu\/sv\/wp-json\/wp\/v2\/media?parent=45592"}],"wp:term":[{"taxonomy":"product_brand","embeddable":true,"href":"https:\/\/staging.nbg.eu\/sv\/wp-json\/wp\/v2\/product_brand?post=45592"},{"taxonomy":"product_cat","embeddable":true,"href":"https:\/\/staging.nbg.eu\/sv\/wp-json\/wp\/v2\/product_cat?post=45592"},{"taxonomy":"product_tag","embeddable":true,"href":"https:\/\/staging.nbg.eu\/sv\/wp-json\/wp\/v2\/product_tag?post=45592"}],"curies":[{"name":"wp","href":"https:\/\/api.w.org\/{rel}","templated":true}]}}