{"id":45485,"date":"2024-08-16T17:57:18","date_gmt":"2024-09-10T14:26:30","guid":{"rendered":"https:\/\/staging.nbg.eu\/product\/clips-ulticlip-3\/"},"modified":"2024-09-10T14:27:25","modified_gmt":"2024-09-10T14:27:25","slug":"clips-ulticlip-3","status":"publish","type":"product","link":"https:\/\/staging.nbg.eu\/sv\/produkt\/clips-ulticlip-3\/","title":{"rendered":"Clips Ulticlip 3+"},"content":{"rendered":"<div class=\"product-description\">\n<h2>Clips Ulticlip 3+: Ultimat dold b\u00e4rning och retention<\/h2>\n<p>Upplev o\u00f6vertr\u00e4ffad dold b\u00e4rning och retention med Ulticlip3+. Denna 100% amerikansktillverkade clip erbjuder:<\/p>\n<ul>\n<li>\u00d6verl\u00e4gset b\u00e4ltesfritt b\u00e4ralternativ<\/li>\n<li>Svart oxidyta av milit\u00e4r kvalitet<\/li>\n<li>V\u00e4rmebehandlat C-1075 fj\u00e4derst\u00e5l (RC 42-49)<\/li>\n<li>Vax-\/oljebehandlad f\u00f6r smidig funktion och rostskydd<\/li>\n<li>\u00d6ver 10 g\u00e5nger b\u00e4ttre retention j\u00e4mf\u00f6rt med standardh\u00f6lsterclips<\/li>\n<\/ul>\n<p>Ulticlip3+ har ett plant monteringsomr\u00e5de med 2 sp\u00e5r och 1 h\u00e5l, vilket m\u00f6jligg\u00f6r m\u00e5ngsidiga f\u00e4stalternativ med upp till 1,70&#8243; h\u00e5lmellanrum. Med endast 3,5&#8243; x 7\/8&#8243; och en vikt p\u00e5 bara 0,78 oz erbjuder den minimal profil med maximal dold b\u00e4rning.<\/p>\n<p>Uppgradera ditt b\u00e4rsystem med Ulticlip3+ idag!<\/p>\n<\/div>\n","protected":false},"excerpt":{"rendered":"<p>S\u00e4ker, smal kl\u00e4mma f\u00f6r b\u00e4rande utan b\u00e4lte. Flera monteringsalternativ.<\/p>\n","protected":false},"featured_media":22731,"template":"","meta":{"_acf_changed":false},"product_brand":[],"product_cat":[13040,13020],"product_tag":[],"class_list":{"0":"post-45485","1":"product","2":"type-product","3":"status-publish","4":"has-post-thumbnail","6":"product_cat-hoelstertillbehoer","7":"product_cat-utrustning","9":"first","10":"instock","11":"taxable","12":"shipping-taxable","13":"purchasable","14":"product-type-simple"},"acf":[],"_links":{"self":[{"href":"https:\/\/staging.nbg.eu\/sv\/wp-json\/wp\/v2\/product\/45485","targetHints":{"allow":["GET"]}}],"collection":[{"href":"https:\/\/staging.nbg.eu\/sv\/wp-json\/wp\/v2\/product"}],"about":[{"href":"https:\/\/staging.nbg.eu\/sv\/wp-json\/wp\/v2\/types\/product"}],"wp:featuredmedia":[{"embeddable":true,"href":"https:\/\/staging.nbg.eu\/sv\/wp-json\/wp\/v2\/media\/22731"}],"wp:attachment":[{"href":"https:\/\/staging.nbg.eu\/sv\/wp-json\/wp\/v2\/media?parent=45485"}],"wp:term":[{"taxonomy":"product_brand","embeddable":true,"href":"https:\/\/staging.nbg.eu\/sv\/wp-json\/wp\/v2\/product_brand?post=45485"},{"taxonomy":"product_cat","embeddable":true,"href":"https:\/\/staging.nbg.eu\/sv\/wp-json\/wp\/v2\/product_cat?post=45485"},{"taxonomy":"product_tag","embeddable":true,"href":"https:\/\/staging.nbg.eu\/sv\/wp-json\/wp\/v2\/product_tag?post=45485"}],"curies":[{"name":"wp","href":"https:\/\/api.w.org\/{rel}","templated":true}]}}