{"id":45463,"date":"2024-08-16T17:59:54","date_gmt":"2024-09-10T14:24:26","guid":{"rendered":"https:\/\/staging.nbg.eu\/product\/clips-ulticlip-xl\/"},"modified":"2024-09-10T14:25:19","modified_gmt":"2024-09-10T14:25:19","slug":"clips-ulticlip-xl","status":"publish","type":"product","link":"https:\/\/staging.nbg.eu\/sv\/produkt\/clips-ulticlip-xl\/","title":{"rendered":"Clips Ulticlip XL"},"content":{"rendered":"<div class=\"product-description\">\n<h2>Clips Ulticlip XL: Den ultimata multiverktygskl\u00e4mman f\u00f6r h\u00f6lster<\/h2>\n<p>Introducing Ulticlip XL, v\u00e4rldens f\u00f6rsta kombinerade multiverktygskl\u00e4mma f\u00f6r h\u00f6lster och l\u00e5sbar st\u00e5lb\u00e4ltes\u00f6gla. Denna innovativa enhet erbjuder o\u00f6vertr\u00e4ffad m\u00e5ngsidighet f\u00f6r att b\u00e4ra h\u00f6lster, knivslidor och tillbeh\u00f6r.<\/p>\n<ul>\n<li>Dubbel funktionalitet: Anv\u00e4nds som h\u00f6lsterkl\u00e4mma eller b\u00e4ltes\u00f6gla<\/li>\n<li>Kompatibel med IWB- och OWB-b\u00e4rande<\/li>\n<li>Inbyggd multiverktygsnyckel (1\/4&#8243;, 5\/16&#8243;, 3\/8&#8243;) och platt skruvmejsel<\/li>\n<li>Flera f\u00e4stpunkter f\u00f6r olika produkter<\/li>\n<li>L\u00e5sbar st\u00e5lb\u00e4ltes\u00f6gla f\u00f6r 1,5&#8243; breda b\u00e4lten (upp till 3\/8&#8243; tjocka)<\/li>\n<li>Svart oxidytbehandling av milit\u00e4r kvalitet<\/li>\n<li>V\u00e4rmebehandlad konstruktion av 1075 &amp; 1050 fj\u00e4derst\u00e5l<\/li>\n<li>Storlek: 3,5&#8243; x 7\/8&#8243;, Vikt: 1,37 oz.<\/li>\n<\/ul>\n<p>Upplev den ultimata b\u00e4rl\u00f6sningen med Ulticlip XL!<\/p>\n<\/div>\n","protected":false},"excerpt":{"rendered":"<p>Ulticlip XL: Multifunktionellt h\u00f6lsterclips och l\u00e5sbar b\u00e4ltes\u00f6gla f\u00f6r m\u00e5ngsidig b\u00e4rning.<\/p>\n","protected":false},"featured_media":23007,"template":"","meta":{"_acf_changed":false},"product_brand":[],"product_cat":[13040,13020],"product_tag":[],"class_list":{"0":"post-45463","1":"product","2":"type-product","3":"status-publish","4":"has-post-thumbnail","6":"product_cat-hoelstertillbehoer","7":"product_cat-utrustning","9":"first","10":"instock","11":"taxable","12":"shipping-taxable","13":"purchasable","14":"product-type-simple"},"acf":[],"_links":{"self":[{"href":"https:\/\/staging.nbg.eu\/sv\/wp-json\/wp\/v2\/product\/45463","targetHints":{"allow":["GET"]}}],"collection":[{"href":"https:\/\/staging.nbg.eu\/sv\/wp-json\/wp\/v2\/product"}],"about":[{"href":"https:\/\/staging.nbg.eu\/sv\/wp-json\/wp\/v2\/types\/product"}],"wp:featuredmedia":[{"embeddable":true,"href":"https:\/\/staging.nbg.eu\/sv\/wp-json\/wp\/v2\/media\/23007"}],"wp:attachment":[{"href":"https:\/\/staging.nbg.eu\/sv\/wp-json\/wp\/v2\/media?parent=45463"}],"wp:term":[{"taxonomy":"product_brand","embeddable":true,"href":"https:\/\/staging.nbg.eu\/sv\/wp-json\/wp\/v2\/product_brand?post=45463"},{"taxonomy":"product_cat","embeddable":true,"href":"https:\/\/staging.nbg.eu\/sv\/wp-json\/wp\/v2\/product_cat?post=45463"},{"taxonomy":"product_tag","embeddable":true,"href":"https:\/\/staging.nbg.eu\/sv\/wp-json\/wp\/v2\/product_tag?post=45463"}],"curies":[{"name":"wp","href":"https:\/\/api.w.org\/{rel}","templated":true}]}}