{"id":45361,"date":"2024-08-16T18:05:19","date_gmt":"2024-08-16T18:05:19","guid":{"rendered":"https:\/\/staging.nbg.eu\/product\/calypso-mini-weather-station-45m-s\/"},"modified":"2024-10-16T09:36:21","modified_gmt":"2024-10-16T09:36:21","slug":"calypso-ultraljud-baerbar-mini-vindmaetare-45ms","status":"publish","type":"product","link":"https:\/\/staging.nbg.eu\/sv\/produkt\/calypso-ultraljud-baerbar-mini-vindmaetare-45ms\/","title":{"rendered":"Calypso Ultraljud B\u00e4rbar Mini Vindm\u00e4tare 45m\/s"},"content":{"rendered":"<h2>Calypso Mini 45m\/s Ultraljudsanemometer<\/h2>\n<p>H\u00e4r presenteras Calypso Mini 45m\/s, en kompakt och m\u00e5ngsidig l\u00f6sning f\u00f6r vindm\u00e4tning. Denna miniatyranemometer och vindfl\u00f6jel med ultraljud kombinerar toppmodern teknik med portabilitet.<\/p>\n<h2>Viktiga egenskaper:<\/h2>\n<ul>\n<li>Bluetooth-anslutning f\u00f6r enkel dataloggning<\/li>\n<li>Batteridriven med tr\u00e5dl\u00f6s QI-laddning<\/li>\n<li>Ultraljudssensorer f\u00f6r robust och p\u00e5litlig prestanda<\/li>\n<li>M\u00e4ter b\u00e5de vindhastighet och riktning<\/li>\n<li>Kompakt storlek: endast 43 mm i diameter<\/li>\n<li>1\/4&#8243; honh\u00e4ngd f\u00f6r stativmontering<\/li>\n<li>Kompatibel med Anemotracker-appen<\/li>\n<li>Valfritt telefonh\u00e5llartillbeh\u00f6r finns tillg\u00e4ngligt<\/li>\n<\/ul>\n<p>Calypso Mini 45m\/s \u00e4r perfekt f\u00f6r olika branscher och till\u00e4mpningar och erbjuder professionella vindm\u00e4tningar i en handh\u00e5llen enhet. Den tr\u00e5dl\u00f6sa designen och kompatibiliteten med NMEA-gateways g\u00f6r den till ett idealiskt val f\u00f6r b\u00e5de frist\u00e5ende anv\u00e4ndning och integration i befintliga system.<\/p>\n","protected":false},"excerpt":{"rendered":"<p>Kompakt, Bluetooth-vindm\u00e4tare m\u00e4ter vindhastighet\/-riktning. App-kompatibel.<\/p>\n","protected":false},"featured_media":101839,"template":"","meta":{"_acf_changed":false},"product_brand":[11183],"product_cat":[12995,13056],"product_tag":[],"class_list":{"0":"post-45361","1":"product","2":"type-product","3":"status-publish","4":"has-post-thumbnail","6":"product_brand-calypso","7":"product_cat-vaedermaetare","8":"product_cat-verktyg","10":"first","11":"instock","12":"taxable","13":"shipping-taxable","14":"purchasable","15":"product-type-simple"},"acf":[],"_links":{"self":[{"href":"https:\/\/staging.nbg.eu\/sv\/wp-json\/wp\/v2\/product\/45361","targetHints":{"allow":["GET"]}}],"collection":[{"href":"https:\/\/staging.nbg.eu\/sv\/wp-json\/wp\/v2\/product"}],"about":[{"href":"https:\/\/staging.nbg.eu\/sv\/wp-json\/wp\/v2\/types\/product"}],"wp:featuredmedia":[{"embeddable":true,"href":"https:\/\/staging.nbg.eu\/sv\/wp-json\/wp\/v2\/media\/101839"}],"wp:attachment":[{"href":"https:\/\/staging.nbg.eu\/sv\/wp-json\/wp\/v2\/media?parent=45361"}],"wp:term":[{"taxonomy":"product_brand","embeddable":true,"href":"https:\/\/staging.nbg.eu\/sv\/wp-json\/wp\/v2\/product_brand?post=45361"},{"taxonomy":"product_cat","embeddable":true,"href":"https:\/\/staging.nbg.eu\/sv\/wp-json\/wp\/v2\/product_cat?post=45361"},{"taxonomy":"product_tag","embeddable":true,"href":"https:\/\/staging.nbg.eu\/sv\/wp-json\/wp\/v2\/product_tag?post=45361"}],"curies":[{"name":"wp","href":"https:\/\/api.w.org\/{rel}","templated":true}]}}