{"id":45188,"date":"2024-08-18T09:26:06","date_gmt":"2024-09-10T13:11:59","guid":{"rendered":"https:\/\/staging.nbg.eu\/product\/premium-belt-security-loop\/"},"modified":"2024-09-10T13:12:52","modified_gmt":"2024-09-10T13:12:52","slug":"premium-baelte-saekerhetsslinga","status":"publish","type":"product","link":"https:\/\/staging.nbg.eu\/sv\/produkt\/premium-baelte-saekerhetsslinga\/","title":{"rendered":"Premium B\u00e4lte S\u00e4kerhetsslinga"},"content":{"rendered":"<p>S\u00e4kra ditt b\u00e4lte med DAA Premium Belt Security Loop. Gummibelagd f\u00f6r komfort och grepp, h\u00e5ller den ditt b\u00e4lte p\u00e5 plats under intensiva skjutpass. Passar de flesta standardb\u00e4lten.<\/p>\n","protected":false},"excerpt":{"rendered":"<p>S\u00e4ker b\u00e4ltesh\u00e5llare: Gummibekl\u00e4dd f\u00f6r b\u00e4ttre grepp, f\u00f6rhindrar f\u00f6rskjutning, passar standardb\u00e4lten.<\/p>\n","protected":false},"featured_media":26110,"template":"","meta":{"_acf_changed":false},"product_brand":[11276],"product_cat":[13023,13020],"product_tag":[],"class_list":{"0":"post-45188","1":"product","2":"type-product","3":"status-publish","4":"has-post-thumbnail","6":"product_brand-doublealpha","7":"product_cat-sportbaelten","8":"product_cat-utrustning","10":"first","11":"instock","12":"taxable","13":"shipping-taxable","14":"purchasable","15":"product-type-simple"},"acf":[],"_links":{"self":[{"href":"https:\/\/staging.nbg.eu\/sv\/wp-json\/wp\/v2\/product\/45188","targetHints":{"allow":["GET"]}}],"collection":[{"href":"https:\/\/staging.nbg.eu\/sv\/wp-json\/wp\/v2\/product"}],"about":[{"href":"https:\/\/staging.nbg.eu\/sv\/wp-json\/wp\/v2\/types\/product"}],"wp:featuredmedia":[{"embeddable":true,"href":"https:\/\/staging.nbg.eu\/sv\/wp-json\/wp\/v2\/media\/26110"}],"wp:attachment":[{"href":"https:\/\/staging.nbg.eu\/sv\/wp-json\/wp\/v2\/media?parent=45188"}],"wp:term":[{"taxonomy":"product_brand","embeddable":true,"href":"https:\/\/staging.nbg.eu\/sv\/wp-json\/wp\/v2\/product_brand?post=45188"},{"taxonomy":"product_cat","embeddable":true,"href":"https:\/\/staging.nbg.eu\/sv\/wp-json\/wp\/v2\/product_cat?post=45188"},{"taxonomy":"product_tag","embeddable":true,"href":"https:\/\/staging.nbg.eu\/sv\/wp-json\/wp\/v2\/product_tag?post=45188"}],"curies":[{"name":"wp","href":"https:\/\/api.w.org\/{rel}","templated":true}]}}