{"id":45166,"date":"2024-08-18T09:26:36","date_gmt":"2024-08-18T09:26:36","guid":{"rendered":"https:\/\/staging.nbg.eu\/product\/daa-magnet-cover\/"},"modified":"2024-09-10T12:58:21","modified_gmt":"2024-09-10T12:58:21","slug":"daa-magnet-skydd","status":"publish","type":"product","link":"https:\/\/staging.nbg.eu\/sv\/produkt\/daa-magnet-skydd\/","title":{"rendered":"DAA Magnet Skydd"},"content":{"rendered":"<p>\nDAA Magnetskydd: Ett snyggt och slitstarkt nylon\u00f6verdrag f\u00f6r 48 mm magneter. Har en magnetisk st\u00e5llogotyp fr\u00e5n DAA. Minskar o\u00f6nskad magnetisk dragkraft samtidigt som funktionaliteten bevaras.<\/p>\n","protected":false},"excerpt":{"rendered":"<p>Stilskyddande h\u00f6lje f\u00f6r DAA 48mm magneter. Minskar den magnetiska dragkraften.<\/p>\n","protected":false},"featured_media":26133,"template":"","meta":{"_acf_changed":false},"product_brand":[11276],"product_cat":[13007,13040],"product_tag":[],"class_list":{"0":"post-45166","1":"product","2":"type-product","3":"status-publish","4":"has-post-thumbnail","6":"product_brand-doublealpha","7":"product_cat-hoelster","8":"product_cat-hoelstertillbehoer","10":"first","11":"instock","12":"taxable","13":"shipping-taxable","14":"purchasable","15":"product-type-simple"},"acf":[],"_links":{"self":[{"href":"https:\/\/staging.nbg.eu\/sv\/wp-json\/wp\/v2\/product\/45166","targetHints":{"allow":["GET"]}}],"collection":[{"href":"https:\/\/staging.nbg.eu\/sv\/wp-json\/wp\/v2\/product"}],"about":[{"href":"https:\/\/staging.nbg.eu\/sv\/wp-json\/wp\/v2\/types\/product"}],"wp:featuredmedia":[{"embeddable":true,"href":"https:\/\/staging.nbg.eu\/sv\/wp-json\/wp\/v2\/media\/26133"}],"wp:attachment":[{"href":"https:\/\/staging.nbg.eu\/sv\/wp-json\/wp\/v2\/media?parent=45166"}],"wp:term":[{"taxonomy":"product_brand","embeddable":true,"href":"https:\/\/staging.nbg.eu\/sv\/wp-json\/wp\/v2\/product_brand?post=45166"},{"taxonomy":"product_cat","embeddable":true,"href":"https:\/\/staging.nbg.eu\/sv\/wp-json\/wp\/v2\/product_cat?post=45166"},{"taxonomy":"product_tag","embeddable":true,"href":"https:\/\/staging.nbg.eu\/sv\/wp-json\/wp\/v2\/product_tag?post=45166"}],"curies":[{"name":"wp","href":"https:\/\/api.w.org\/{rel}","templated":true}]}}