{"id":45144,"date":"2024-08-18T09:27:28","date_gmt":"2024-09-10T12:42:41","guid":{"rendered":"https:\/\/staging.nbg.eu\/product\/dillon-precision-daa-223-fast-flow-powder-funnel\/"},"modified":"2024-09-10T12:43:33","modified_gmt":"2024-09-10T12:43:33","slug":"dillon-precision-daa-223-snabbfloede-kruttratt","status":"publish","type":"product","link":"https:\/\/staging.nbg.eu\/sv\/produkt\/dillon-precision-daa-223-snabbfloede-kruttratt\/","title":{"rendered":"Dillon Precision &#8211; Daa .223 Snabbfl\u00f6de Kruttratt"},"content":{"rendered":"<div class=\"product-description\">\n<h2>Dillon Precision &#8211; DAA .223 Snabbfl\u00f6despulvertratt<\/h2>\n<p>F\u00f6rb\u00e4ttra din .223-omladdningsupplevelse med DAA .223 Snabbfl\u00f6despulvertratt. Designad i samarbete med rymdingenj\u00f6r Andrew Murrell, CSEP, f\u00f6rb\u00e4ttrar denna tratt krutfl\u00f6dets konsistens och minskar \u00f6verbryggning av stavformigt eller flingformigt krut.<\/p>\n<ul>\n<li>Tillverkad av SUS303 rostfritt st\u00e5l<\/li>\n<li>Elektropolerad spegelyta<\/li>\n<li>Utm\u00e4rkt rostbest\u00e4ndighet och slitstyrka<\/li>\n<li>Unik inre trattform f\u00f6r b\u00e4ttre krutfl\u00f6de<\/li>\n<li>Kompatibel med Dillon krutdoserare<\/li>\n<\/ul>\n<p>Upplev skillnaden med v\u00e5r precisionskonstruerade tratt, med sn\u00e4va toleranser och en glasliknande yta f\u00f6r ultimat prestanda och krutfl\u00f6de.<\/p>\n<\/div>\n","protected":false},"excerpt":{"rendered":"<p>Str\u00f6mlinjeformad .223 kruttratt f\u00f6r konsekvent omladdning utan brobildning.<\/p>\n","protected":false},"featured_media":26248,"template":"","meta":{"_acf_changed":false},"product_brand":[11276],"product_cat":[13049,13003],"product_tag":[],"class_list":{"0":"post-45144","1":"product","2":"type-product","3":"status-publish","4":"has-post-thumbnail","6":"product_brand-doublealpha","7":"product_cat-omladdning","8":"product_cat-omladdningstillbehoer","10":"first","11":"instock","12":"taxable","13":"shipping-taxable","14":"purchasable","15":"product-type-simple"},"acf":[],"_links":{"self":[{"href":"https:\/\/staging.nbg.eu\/sv\/wp-json\/wp\/v2\/product\/45144","targetHints":{"allow":["GET"]}}],"collection":[{"href":"https:\/\/staging.nbg.eu\/sv\/wp-json\/wp\/v2\/product"}],"about":[{"href":"https:\/\/staging.nbg.eu\/sv\/wp-json\/wp\/v2\/types\/product"}],"wp:featuredmedia":[{"embeddable":true,"href":"https:\/\/staging.nbg.eu\/sv\/wp-json\/wp\/v2\/media\/26248"}],"wp:attachment":[{"href":"https:\/\/staging.nbg.eu\/sv\/wp-json\/wp\/v2\/media?parent=45144"}],"wp:term":[{"taxonomy":"product_brand","embeddable":true,"href":"https:\/\/staging.nbg.eu\/sv\/wp-json\/wp\/v2\/product_brand?post=45144"},{"taxonomy":"product_cat","embeddable":true,"href":"https:\/\/staging.nbg.eu\/sv\/wp-json\/wp\/v2\/product_cat?post=45144"},{"taxonomy":"product_tag","embeddable":true,"href":"https:\/\/staging.nbg.eu\/sv\/wp-json\/wp\/v2\/product_tag?post=45144"}],"curies":[{"name":"wp","href":"https:\/\/api.w.org\/{rel}","templated":true}]}}