{"id":45122,"date":"2024-08-18T09:27:48","date_gmt":"2024-09-10T12:34:48","guid":{"rendered":"https:\/\/staging.nbg.eu\/product\/thigh-pad-for-flex-alpha-x-racer-x-holsters\/"},"modified":"2024-09-10T12:35:40","modified_gmt":"2024-09-10T12:35:40","slug":"larskydd-foer-flex-alpha-x-racer-x-hoelster","status":"publish","type":"product","link":"https:\/\/staging.nbg.eu\/sv\/produkt\/larskydd-foer-flex-alpha-x-racer-x-hoelster\/","title":{"rendered":"L\u00e5rskydd F\u00f6r Flex \/ Alpha-X \/ Racer-X H\u00f6lster"},"content":{"rendered":"<div class=\"product-description\">\n<h2>DAA L\u00e5rst\u00f6d f\u00f6r Flex \/ Alpha-X \/ Racer-X H\u00f6lster<\/h2>\n<p>F\u00f6rb\u00e4ttra din skyttupplevelse med DAA L\u00e5rst\u00f6d, kompatibelt med Alpha-X, Racer-X och FLEX h\u00f6lster. Detta m\u00e5ngsidiga st\u00f6d erbjuder:<\/p>\n<ul>\n<li>Enkel installation &#8211; inga skruvar eller lim kr\u00e4vs<\/li>\n<li>S\u00e4ker passform med klickl\u00e5sflikar<\/li>\n<li>Kompakt men effektiv design<\/li>\n<li>L\u00e4mplig f\u00f6r b\u00e5de h\u00f6ger- och v\u00e4nsterh\u00e4nta h\u00f6lster<\/li>\n<\/ul>\n<p>Skjut helt enkelt l\u00e5rst\u00f6det \u00f6ver h\u00f6lstrets b\u00e4ltf\u00e4ste tills flikarna klickar p\u00e5 plats. Ta bort genom att dra upp flikarna och skjuta av. Detta st\u00f6d \u00e4r det perfekta till\u00e4gget till ditt Double-Alpha h\u00f6lster och ger extra komfort och stabilitet f\u00f6r toppskyttar v\u00e4rlden \u00f6ver.<\/p>\n<\/div>\n","protected":false},"excerpt":{"rendered":"<p>L\u00e5rst\u00f6d f\u00f6r Alpha-X\/Racer-X: S\u00e4kert, bekv\u00e4mt, inga verktyg beh\u00f6vs.<\/p>\n","protected":false},"featured_media":26294,"template":"","meta":{"_acf_changed":false},"product_brand":[11276],"product_cat":[13040,13045],"product_tag":[],"class_list":{"0":"post-45122","1":"product","2":"type-product","3":"status-publish","4":"has-post-thumbnail","6":"product_brand-doublealpha","7":"product_cat-hoelstertillbehoer","8":"product_cat-sporthoelster","10":"first","11":"instock","12":"taxable","13":"shipping-taxable","14":"purchasable","15":"product-type-simple"},"acf":[],"_links":{"self":[{"href":"https:\/\/staging.nbg.eu\/sv\/wp-json\/wp\/v2\/product\/45122","targetHints":{"allow":["GET"]}}],"collection":[{"href":"https:\/\/staging.nbg.eu\/sv\/wp-json\/wp\/v2\/product"}],"about":[{"href":"https:\/\/staging.nbg.eu\/sv\/wp-json\/wp\/v2\/types\/product"}],"wp:featuredmedia":[{"embeddable":true,"href":"https:\/\/staging.nbg.eu\/sv\/wp-json\/wp\/v2\/media\/26294"}],"wp:attachment":[{"href":"https:\/\/staging.nbg.eu\/sv\/wp-json\/wp\/v2\/media?parent=45122"}],"wp:term":[{"taxonomy":"product_brand","embeddable":true,"href":"https:\/\/staging.nbg.eu\/sv\/wp-json\/wp\/v2\/product_brand?post=45122"},{"taxonomy":"product_cat","embeddable":true,"href":"https:\/\/staging.nbg.eu\/sv\/wp-json\/wp\/v2\/product_cat?post=45122"},{"taxonomy":"product_tag","embeddable":true,"href":"https:\/\/staging.nbg.eu\/sv\/wp-json\/wp\/v2\/product_tag?post=45122"}],"curies":[{"name":"wp","href":"https:\/\/api.w.org\/{rel}","templated":true}]}}