{"id":45078,"date":"2024-08-18T09:28:37","date_gmt":"2024-08-18T09:28:37","guid":{"rendered":"https:\/\/staging.nbg.eu\/product\/lynx-belt-steel-mini-punch-tool\/"},"modified":"2024-09-10T12:26:22","modified_gmt":"2024-09-10T12:26:22","slug":"lynx-baelte-stal-mini-halslag-verktyg","status":"publish","type":"product","link":"https:\/\/staging.nbg.eu\/sv\/produkt\/lynx-baelte-stal-mini-halslag-verktyg\/","title":{"rendered":"Lynx B\u00e4lte: St\u00e5l Mini H\u00e5lslag Verktyg"},"content":{"rendered":"<p>Lynx Belt: St\u00e5l Mini Stansverktyg \u00e4r ett kompakt, skr\u00e4ddarsytt st\u00e5lstansverktyg utformat f\u00f6r snabb och enkel borttagning av rullstift. Perfekt f\u00f6r att justera b\u00e4ltesl\u00e4nkar, detta l\u00e4tta verktyg \u00e4r 70 mm l\u00e5ngt med en huvuddiameter p\u00e5 6 mm och en skaftdiameter p\u00e5 2,5 mm. Idealisk f\u00f6r din verktygssats p\u00e5 skjutbanan.<\/p>\n","protected":false},"excerpt":{"rendered":"<p>Kompakt verktyg i st\u00e5l f\u00f6r snabba och enkla justeringar av klockl\u00e4nkar.<\/p>\n","protected":false},"featured_media":26721,"template":"","meta":{"_acf_changed":false},"product_brand":[11276],"product_cat":[13023,13020],"product_tag":[],"class_list":{"0":"post-45078","1":"product","2":"type-product","3":"status-publish","4":"has-post-thumbnail","6":"product_brand-doublealpha","7":"product_cat-sportbaelten","8":"product_cat-utrustning","10":"first","11":"instock","12":"taxable","13":"shipping-taxable","14":"purchasable","15":"product-type-simple"},"acf":[],"_links":{"self":[{"href":"https:\/\/staging.nbg.eu\/sv\/wp-json\/wp\/v2\/product\/45078","targetHints":{"allow":["GET"]}}],"collection":[{"href":"https:\/\/staging.nbg.eu\/sv\/wp-json\/wp\/v2\/product"}],"about":[{"href":"https:\/\/staging.nbg.eu\/sv\/wp-json\/wp\/v2\/types\/product"}],"wp:featuredmedia":[{"embeddable":true,"href":"https:\/\/staging.nbg.eu\/sv\/wp-json\/wp\/v2\/media\/26721"}],"wp:attachment":[{"href":"https:\/\/staging.nbg.eu\/sv\/wp-json\/wp\/v2\/media?parent=45078"}],"wp:term":[{"taxonomy":"product_brand","embeddable":true,"href":"https:\/\/staging.nbg.eu\/sv\/wp-json\/wp\/v2\/product_brand?post=45078"},{"taxonomy":"product_cat","embeddable":true,"href":"https:\/\/staging.nbg.eu\/sv\/wp-json\/wp\/v2\/product_cat?post=45078"},{"taxonomy":"product_tag","embeddable":true,"href":"https:\/\/staging.nbg.eu\/sv\/wp-json\/wp\/v2\/product_tag?post=45078"}],"curies":[{"name":"wp","href":"https:\/\/api.w.org\/{rel}","templated":true}]}}