{"id":45056,"date":"2024-08-18T09:29:43","date_gmt":"2024-08-18T09:29:43","guid":{"rendered":"https:\/\/staging.nbg.eu\/product\/daa-primer-tube-cap-5-pack\/"},"modified":"2024-09-10T12:24:22","modified_gmt":"2024-09-10T12:24:22","slug":"daa-taendhatts-roer-lock-5-pack","status":"publish","type":"product","link":"https:\/\/staging.nbg.eu\/sv\/produkt\/daa-taendhatts-roer-lock-5-pack\/","title":{"rendered":"Daa T\u00e4ndhatts-R\u00f6r Lock, 5-Pack"},"content":{"rendered":"<p>\n<strong>DAA T\u00e4ndhattsr\u00f6r-lock, 5-pack<\/strong><br \/>\nAnpassade silikonlock f\u00f6r 8 mm t\u00e4ndhattsr\u00f6r. F\u00f6rhindrar spill vid anv\u00e4ndning av snabbfyllningsenheter. L\u00e4tt att anv\u00e4nda: skjut p\u00e5, l\u00e4gg platt. Inget mer t\u00e4ndhattsst\u00f6k!<\/p>\n<ul>\n<li>Passar de flesta omladdningsr\u00f6r<\/li>\n<li>Kompatibel med DAA Primer-Pro och andra fyllare<\/li>\n<li>F\u00e4rg: R\u00f6d<\/li>\n<li>F\u00f6rpackning om 5 st<\/li>\n<\/ul>\n<p>S\u00e4kra dina t\u00e4ndhattar med dessa praktiska lock!<\/p>\n","protected":false},"excerpt":{"rendered":"<p>S\u00e4kra 8 mm primertuber med l\u00e4ttanv\u00e4nda, spills\u00e4kra silikonlock.<\/p>\n","protected":false},"featured_media":26744,"template":"","meta":{"_acf_changed":false},"product_brand":[11276],"product_cat":[13049,13003],"product_tag":[],"class_list":{"0":"post-45056","1":"product","2":"type-product","3":"status-publish","4":"has-post-thumbnail","6":"product_brand-doublealpha","7":"product_cat-omladdning","8":"product_cat-omladdningstillbehoer","10":"first","11":"outofstock","12":"taxable","13":"shipping-taxable","14":"purchasable","15":"product-type-simple"},"acf":[],"_links":{"self":[{"href":"https:\/\/staging.nbg.eu\/sv\/wp-json\/wp\/v2\/product\/45056","targetHints":{"allow":["GET"]}}],"collection":[{"href":"https:\/\/staging.nbg.eu\/sv\/wp-json\/wp\/v2\/product"}],"about":[{"href":"https:\/\/staging.nbg.eu\/sv\/wp-json\/wp\/v2\/types\/product"}],"wp:featuredmedia":[{"embeddable":true,"href":"https:\/\/staging.nbg.eu\/sv\/wp-json\/wp\/v2\/media\/26744"}],"wp:attachment":[{"href":"https:\/\/staging.nbg.eu\/sv\/wp-json\/wp\/v2\/media?parent=45056"}],"wp:term":[{"taxonomy":"product_brand","embeddable":true,"href":"https:\/\/staging.nbg.eu\/sv\/wp-json\/wp\/v2\/product_brand?post=45056"},{"taxonomy":"product_cat","embeddable":true,"href":"https:\/\/staging.nbg.eu\/sv\/wp-json\/wp\/v2\/product_cat?post=45056"},{"taxonomy":"product_tag","embeddable":true,"href":"https:\/\/staging.nbg.eu\/sv\/wp-json\/wp\/v2\/product_tag?post=45056"}],"curies":[{"name":"wp","href":"https:\/\/api.w.org\/{rel}","templated":true}]}}