{"id":45012,"date":"2024-08-18T09:30:21","date_gmt":"2024-08-18T09:30:21","guid":{"rendered":"https:\/\/staging.nbg.eu\/product\/lynx-belt-ratchet-buckle\/"},"modified":"2024-09-10T12:03:31","modified_gmt":"2024-09-10T12:03:31","slug":"lynx-baelte-spaerrspaenne","status":"publish","type":"product","link":"https:\/\/staging.nbg.eu\/sv\/produkt\/lynx-baelte-spaerrspaenne\/","title":{"rendered":"Lynx B\u00e4lte Sp\u00e4rrsp\u00e4nne"},"content":{"rendered":"<div class=\"product-description\">\n<h2>DAA Lynx B\u00e4lteskarbin med Sp\u00e4rrmekanism<\/h2>\n<p>Uppgradera din skytteutrustning med DAA Lynx B\u00e4lteskarbin med sp\u00e4rrmekanism. Denna innovativa karbin erbjuder:<\/p>\n<ul>\n<li>St\u00f6rre justerbarhet i l\u00e4ngd f\u00f6r enkel anpassning till olika kl\u00e4der<\/li>\n<li>Snabb lossning och \u00e5tdragning mellan etapper<\/li>\n<li>H\u00e5llbar konstruktion i st\u00e5l och aluminium<\/li>\n<li>23 mm bred gummirem med 16 cm justeringsomr\u00e5de<\/li>\n<li>Tv\u00e5 f\u00f6rborrade svarta l\u00e4nkar med g\u00e4ngade st\u00e5linsatser<\/li>\n<\/ul>\n<p>Rekommenderad placering: fram, mellan h\u00f6lster och f\u00f6rsta fickan. Remmen kan f\u00f6rkortas och karbinens riktning kan v\u00e4ndas om s\u00e5 \u00f6nskas. F\u00f6rb\u00e4ttra din skytteupplevelse med \u00f6kad komfort och bekv\u00e4mlighet!<\/p>\n<\/div>\n","protected":false},"excerpt":{"rendered":"<p>Sp\u00e4rrhake f\u00f6r enkel b\u00e4ltjustering och snabb \u00e5tdragning.<\/p>\n","protected":false},"featured_media":26882,"template":"","meta":{"_acf_changed":false},"product_brand":[11276],"product_cat":[13023,13020],"product_tag":[],"class_list":{"0":"post-45012","1":"product","2":"type-product","3":"status-publish","4":"has-post-thumbnail","6":"product_brand-doublealpha","7":"product_cat-sportbaelten","8":"product_cat-utrustning","10":"first","11":"instock","12":"taxable","13":"shipping-taxable","14":"purchasable","15":"product-type-simple"},"acf":[],"_links":{"self":[{"href":"https:\/\/staging.nbg.eu\/sv\/wp-json\/wp\/v2\/product\/45012","targetHints":{"allow":["GET"]}}],"collection":[{"href":"https:\/\/staging.nbg.eu\/sv\/wp-json\/wp\/v2\/product"}],"about":[{"href":"https:\/\/staging.nbg.eu\/sv\/wp-json\/wp\/v2\/types\/product"}],"wp:featuredmedia":[{"embeddable":true,"href":"https:\/\/staging.nbg.eu\/sv\/wp-json\/wp\/v2\/media\/26882"}],"wp:attachment":[{"href":"https:\/\/staging.nbg.eu\/sv\/wp-json\/wp\/v2\/media?parent=45012"}],"wp:term":[{"taxonomy":"product_brand","embeddable":true,"href":"https:\/\/staging.nbg.eu\/sv\/wp-json\/wp\/v2\/product_brand?post=45012"},{"taxonomy":"product_cat","embeddable":true,"href":"https:\/\/staging.nbg.eu\/sv\/wp-json\/wp\/v2\/product_cat?post=45012"},{"taxonomy":"product_tag","embeddable":true,"href":"https:\/\/staging.nbg.eu\/sv\/wp-json\/wp\/v2\/product_tag?post=45012"}],"curies":[{"name":"wp","href":"https:\/\/api.w.org\/{rel}","templated":true}]}}