{"id":44968,"date":"2024-08-18T09:31:20","date_gmt":"2024-08-18T09:31:20","guid":{"rendered":"https:\/\/staging.nbg.eu\/product\/dillon-daa-click-adjustable-powder-knob-v2\/"},"modified":"2024-09-10T11:51:27","modified_gmt":"2024-09-10T11:51:27","slug":"dillon-daa-klick-justerbar-krutknopp-v2","status":"publish","type":"product","link":"https:\/\/staging.nbg.eu\/sv\/produkt\/dillon-daa-klick-justerbar-krutknopp-v2\/","title":{"rendered":"Dillon &#8211; Daa Klick-Justerbar Krutknopp V2"},"content":{"rendered":"<div class=\"product-description\">\n<h2>Dillon &#8211; DAA Klickjusterbar Pulverknapp V2<\/h2>\n<p>Uppgradera din omladdningsupplevelse med DAA Klickjusterbar Pulverknapp V2, den f\u00f6rb\u00e4ttrade andra generationens erbjudande fr\u00e5n DAA. Denna precisionstillverkade knapp har f\u00f6ljande egenskaper:<\/p>\n<ul>\n<li>Tv\u00e5delad aluminiumkonstruktion f\u00f6r enkel montering<\/li>\n<li>32 mm rund, maskinbearbetad aluminiumknapp med lasergravyr<\/li>\n<li>R\u00e4fflad ytterkant f\u00f6r f\u00f6rb\u00e4ttrat grepp och kontroll<\/li>\n<li>H\u00f6rbara klick f\u00f6r exakta 18-graders justeringar<\/li>\n<li>20 klick per rotation f\u00f6r precis kontroll av krutladdning<\/li>\n<li>Lasergraverad urtavla som indikerar \u00f6kning\/minskning av laddning<\/li>\n<li>Kompatibel med sm\u00e5 Dillon-laddningsstavar (ej f\u00f6r stora gev\u00e4rsladdningsstavar)<\/li>\n<\/ul>\n<p>Installera och justera enkelt dina krutladdningar med denna eleganta, funktionella och anv\u00e4ndarv\u00e4nliga knapp. F\u00f6rb\u00e4ttra din omladdningsutrustning idag!<\/p>\n<\/div>\n","protected":false},"excerpt":{"rendered":"<p>Exakt, l\u00e4ttanv\u00e4nd justering av krutladdning f\u00f6r Dillon-pressar.<\/p>\n","protected":false},"featured_media":27066,"template":"","meta":{"_acf_changed":false},"product_brand":[11276],"product_cat":[13049,13003],"product_tag":[],"class_list":{"0":"post-44968","1":"product","2":"type-product","3":"status-publish","4":"has-post-thumbnail","6":"product_brand-doublealpha","7":"product_cat-omladdning","8":"product_cat-omladdningstillbehoer","10":"first","11":"outofstock","12":"taxable","13":"shipping-taxable","14":"purchasable","15":"product-type-simple"},"acf":[],"_links":{"self":[{"href":"https:\/\/staging.nbg.eu\/sv\/wp-json\/wp\/v2\/product\/44968","targetHints":{"allow":["GET"]}}],"collection":[{"href":"https:\/\/staging.nbg.eu\/sv\/wp-json\/wp\/v2\/product"}],"about":[{"href":"https:\/\/staging.nbg.eu\/sv\/wp-json\/wp\/v2\/types\/product"}],"wp:featuredmedia":[{"embeddable":true,"href":"https:\/\/staging.nbg.eu\/sv\/wp-json\/wp\/v2\/media\/27066"}],"wp:attachment":[{"href":"https:\/\/staging.nbg.eu\/sv\/wp-json\/wp\/v2\/media?parent=44968"}],"wp:term":[{"taxonomy":"product_brand","embeddable":true,"href":"https:\/\/staging.nbg.eu\/sv\/wp-json\/wp\/v2\/product_brand?post=44968"},{"taxonomy":"product_cat","embeddable":true,"href":"https:\/\/staging.nbg.eu\/sv\/wp-json\/wp\/v2\/product_cat?post=44968"},{"taxonomy":"product_tag","embeddable":true,"href":"https:\/\/staging.nbg.eu\/sv\/wp-json\/wp\/v2\/product_tag?post=44968"}],"curies":[{"name":"wp","href":"https:\/\/api.w.org\/{rel}","templated":true}]}}