{"id":44946,"date":"2024-08-18T09:31:43","date_gmt":"2024-08-18T09:31:43","guid":{"rendered":"https:\/\/staging.nbg.eu\/product\/daa-reloading-hex-key-set\/"},"modified":"2024-09-10T11:36:10","modified_gmt":"2024-09-10T11:36:10","slug":"daa-omladdning-sexkantnyckel-set","status":"publish","type":"product","link":"https:\/\/staging.nbg.eu\/sv\/produkt\/daa-omladdning-sexkantnyckel-set\/","title":{"rendered":"Daa Omladdning Sexkantnyckel Set"},"content":{"rendered":"<p>F\u00f6rb\u00e4ttra din omladdningsupplevelse med DAA Reloading Hex Key Set. Detta 7-delars set med l\u00e5nga insexnycklar med kulformad \u00e4nde har f\u00f6ljande egenskaper:<\/p>\n<ul>\n<li>H\u00f6gkvalitativ konstruktion<\/li>\n<li>Ljusr\u00f6da vinylbelagda axlar f\u00f6r synlighet<\/li>\n<li>Perfekt f\u00f6r Dillon och andra amerikansktillverkade pressar<\/li>\n<li>Storlekar: 5\/64&#8243;, 3\/32&#8243;, 1\/8&#8243;, 9\/64&#8243;, 5\/32&#8243;, 3\/16&#8243;, 1\/4&#8243;<\/li>\n<\/ul>\n<p>Idealisk f\u00f6ljeslagare till DAA Reloading-Press Tool Holder.<\/p>\n","protected":false},"excerpt":{"rendered":"<p>7-delars insexnyckelset med kulformade \u00e4ndar f\u00f6r amerikanska omladdningspressar. R\u00f6d vinyl.<\/p>\n","protected":false},"featured_media":27158,"template":"","meta":{"_acf_changed":false},"product_brand":[11276],"product_cat":[13049,13003],"product_tag":[],"class_list":{"0":"post-44946","1":"product","2":"type-product","3":"status-publish","4":"has-post-thumbnail","6":"product_brand-doublealpha","7":"product_cat-omladdning","8":"product_cat-omladdningstillbehoer","10":"first","11":"outofstock","12":"taxable","13":"shipping-taxable","14":"purchasable","15":"product-type-simple"},"acf":[],"_links":{"self":[{"href":"https:\/\/staging.nbg.eu\/sv\/wp-json\/wp\/v2\/product\/44946","targetHints":{"allow":["GET"]}}],"collection":[{"href":"https:\/\/staging.nbg.eu\/sv\/wp-json\/wp\/v2\/product"}],"about":[{"href":"https:\/\/staging.nbg.eu\/sv\/wp-json\/wp\/v2\/types\/product"}],"wp:featuredmedia":[{"embeddable":true,"href":"https:\/\/staging.nbg.eu\/sv\/wp-json\/wp\/v2\/media\/27158"}],"wp:attachment":[{"href":"https:\/\/staging.nbg.eu\/sv\/wp-json\/wp\/v2\/media?parent=44946"}],"wp:term":[{"taxonomy":"product_brand","embeddable":true,"href":"https:\/\/staging.nbg.eu\/sv\/wp-json\/wp\/v2\/product_brand?post=44946"},{"taxonomy":"product_cat","embeddable":true,"href":"https:\/\/staging.nbg.eu\/sv\/wp-json\/wp\/v2\/product_cat?post=44946"},{"taxonomy":"product_tag","embeddable":true,"href":"https:\/\/staging.nbg.eu\/sv\/wp-json\/wp\/v2\/product_tag?post=44946"}],"curies":[{"name":"wp","href":"https:\/\/api.w.org\/{rel}","templated":true}]}}