{"id":44924,"date":"2024-08-18T09:32:43","date_gmt":"2024-08-18T09:32:43","guid":{"rendered":"https:\/\/staging.nbg.eu\/product\/daa-toolhead-led-lighting-controller-unit\/"},"modified":"2024-09-10T11:31:13","modified_gmt":"2024-09-10T11:31:13","slug":"daa-verktygshuvud-led-belysning-kontrollenhet","status":"publish","type":"product","link":"https:\/\/staging.nbg.eu\/sv\/produkt\/daa-verktygshuvud-led-belysning-kontrollenhet\/","title":{"rendered":"Daa Verktygshuvud Led Belysning Kontrollenhet"},"content":{"rendered":"<h2>DAA Verktygshuvud LED-belysningsstyrenhet<\/h2>\n<p>Upplys din arbetsyta med precision! Denna m\u00e5ngsidiga styrenhet driver alla DAA LED-verktygshuvudlampor, fr\u00e5n 4-LED-kort till 10-LED Mark7-kort. Funktioner inkluderar:<\/p>\n<ul>\n<li>Smart elektronik f\u00f6r automatisk kortidentifiering<\/li>\n<li>Kompakt design med rull-P\u00c5\/AV-knapp och dimmer<\/li>\n<li>30 cm anslutningskabel<\/li>\n<li>Kardborreband f\u00f6r enkel montering<\/li>\n<li>110\/220V str\u00f6mf\u00f6rs\u00f6rjning med 2M sladd och US\/EU-kontakter<\/li>\n<\/ul>\n<p>Optimera din belysningsupps\u00e4ttning med detta n\u00f6dv\u00e4ndiga tillbeh\u00f6r!<\/p>\n","protected":false},"excerpt":{"rendered":"<p>M\u00e5ngsidig LED-kontrollenhet med dimmer f\u00f6r belysning av omladdningspressar.<\/p>\n","protected":false},"featured_media":27204,"template":"","meta":{"_acf_changed":false},"product_brand":[11276],"product_cat":[13049,13003],"product_tag":[],"class_list":{"0":"post-44924","1":"product","2":"type-product","3":"status-publish","4":"has-post-thumbnail","6":"product_brand-doublealpha","7":"product_cat-omladdning","8":"product_cat-omladdningstillbehoer","10":"first","11":"outofstock","12":"taxable","13":"shipping-taxable","14":"purchasable","15":"product-type-simple"},"acf":[],"_links":{"self":[{"href":"https:\/\/staging.nbg.eu\/sv\/wp-json\/wp\/v2\/product\/44924","targetHints":{"allow":["GET"]}}],"collection":[{"href":"https:\/\/staging.nbg.eu\/sv\/wp-json\/wp\/v2\/product"}],"about":[{"href":"https:\/\/staging.nbg.eu\/sv\/wp-json\/wp\/v2\/types\/product"}],"wp:featuredmedia":[{"embeddable":true,"href":"https:\/\/staging.nbg.eu\/sv\/wp-json\/wp\/v2\/media\/27204"}],"wp:attachment":[{"href":"https:\/\/staging.nbg.eu\/sv\/wp-json\/wp\/v2\/media?parent=44924"}],"wp:term":[{"taxonomy":"product_brand","embeddable":true,"href":"https:\/\/staging.nbg.eu\/sv\/wp-json\/wp\/v2\/product_brand?post=44924"},{"taxonomy":"product_cat","embeddable":true,"href":"https:\/\/staging.nbg.eu\/sv\/wp-json\/wp\/v2\/product_cat?post=44924"},{"taxonomy":"product_tag","embeddable":true,"href":"https:\/\/staging.nbg.eu\/sv\/wp-json\/wp\/v2\/product_tag?post=44924"}],"curies":[{"name":"wp","href":"https:\/\/api.w.org\/{rel}","templated":true}]}}