{"id":44902,"date":"2024-08-18T09:33:06","date_gmt":"2024-08-18T09:33:06","guid":{"rendered":"https:\/\/staging.nbg.eu\/product\/daa-hard-case-medium-300\/"},"modified":"2024-09-10T11:27:20","modified_gmt":"2024-09-10T11:27:20","slug":"daa-hart-fodral-medium-300","status":"publish","type":"product","link":"https:\/\/staging.nbg.eu\/sv\/produkt\/daa-hart-fodral-medium-300\/","title":{"rendered":"Daa H\u00e5rt Fodral Medium &#8211; 300"},"content":{"rendered":"<div class=\"product-description\">\n<h2>DAA H\u00e5rt Fodral Medium &#8211; 300<\/h2>\n<p>Det IP67-certifierade DAA H\u00e5rda Fodralet Medium-300 erbjuder o\u00f6vertr\u00e4ffat skydd f\u00f6r dina skjutvapen och v\u00e4rdefull utrustning. Utformat f\u00f6r h\u00e5llbarhet och p\u00e5litlighet \u00e4r detta fodral perfekt f\u00f6r olika anv\u00e4ndningsomr\u00e5den, inklusive marin, fotografi, jakt och mer.<\/p>\n<h3>Huvudegenskaper:<\/h3>\n<ul>\n<li>Vattent\u00e4t f\u00f6rsegling och automatisk tryckutj\u00e4mningsventil<\/li>\n<li>Dubbla l\u00e5shakar och h\u00e4ngl\u00e5sh\u00e5l f\u00f6r s\u00e4kerhet<\/li>\n<li>Stapelbart l\u00e5ssystem<\/li>\n<li>Pick N Pluck-skuminsats f\u00f6r anpassat skydd<\/li>\n<li>Tillg\u00e4nglig i Svart eller Orange<\/li>\n<\/ul>\n<h3>Specifikationer:<\/h3>\n<ul>\n<li>Externa m\u00e5tt: 336 x 300 x 148 mm<\/li>\n<li>Interna m\u00e5tt: 300 x 225 x 132 mm<\/li>\n<li>Vikt: 1,75 kg<\/li>\n<\/ul>\n<p>Perfekt f\u00f6r transport av skjutvapen, DAA H\u00e5rda Fodralet Medium-300 s\u00e4kerst\u00e4ller att din v\u00e4rdefulla utrustning f\u00f6rblir s\u00e4ker och skyddad i alla milj\u00f6er.<\/p>\n<\/div>\n","protected":false},"excerpt":{"rendered":"<p>H\u00e5llbart IP67-fodral f\u00f6r skjutvapen. Vattent\u00e4tt, dammt\u00e4tt, st\u00f6tt\u00e5ligt.<\/p>\n","protected":false},"featured_media":27227,"template":"","meta":{"_acf_changed":false},"product_brand":[11276],"product_cat":[13020,13042],"product_tag":[],"class_list":{"0":"post-44902","1":"product","2":"type-product","3":"status-publish","4":"has-post-thumbnail","6":"product_brand-doublealpha","7":"product_cat-utrustning","8":"product_cat-vaeskor","10":"first","11":"outofstock","12":"taxable","13":"shipping-taxable","14":"purchasable","15":"product-type-simple"},"acf":[],"_links":{"self":[{"href":"https:\/\/staging.nbg.eu\/sv\/wp-json\/wp\/v2\/product\/44902","targetHints":{"allow":["GET"]}}],"collection":[{"href":"https:\/\/staging.nbg.eu\/sv\/wp-json\/wp\/v2\/product"}],"about":[{"href":"https:\/\/staging.nbg.eu\/sv\/wp-json\/wp\/v2\/types\/product"}],"wp:featuredmedia":[{"embeddable":true,"href":"https:\/\/staging.nbg.eu\/sv\/wp-json\/wp\/v2\/media\/27227"}],"wp:attachment":[{"href":"https:\/\/staging.nbg.eu\/sv\/wp-json\/wp\/v2\/media?parent=44902"}],"wp:term":[{"taxonomy":"product_brand","embeddable":true,"href":"https:\/\/staging.nbg.eu\/sv\/wp-json\/wp\/v2\/product_brand?post=44902"},{"taxonomy":"product_cat","embeddable":true,"href":"https:\/\/staging.nbg.eu\/sv\/wp-json\/wp\/v2\/product_cat?post=44902"},{"taxonomy":"product_tag","embeddable":true,"href":"https:\/\/staging.nbg.eu\/sv\/wp-json\/wp\/v2\/product_tag?post=44902"}],"curies":[{"name":"wp","href":"https:\/\/api.w.org\/{rel}","templated":true}]}}