{"id":44858,"date":"2024-08-18T09:33:44","date_gmt":"2024-08-18T09:33:44","guid":{"rendered":"https:\/\/staging.nbg.eu\/product\/pro-grip-lotion-2oz\/"},"modified":"2024-09-10T11:15:38","modified_gmt":"2024-09-10T11:15:38","slug":"pro-grip-lotion-2oz","status":"publish","type":"product","link":"https:\/\/staging.nbg.eu\/sv\/produkt\/pro-grip-lotion-2oz\/","title":{"rendered":"Pro Grip Lotion 2Oz"},"content":{"rendered":"<p>\nF\u00f6rb\u00e4ttra din skjutprestanda med Pro Grip Lotion 2Oz. Betrodd av m\u00e4stare som Jerry Barnhart, Todd Jarrett och Saul Kirsch, \u00f6vertr\u00e4ffar denna praktiskt f\u00f6rpackade lotion b\u00e5de kolofonium och krita. Upplev \u00f6verl\u00e4gset grepp, vapenkontroll och snabbare \u00e5terh\u00e4mtningstider. Ett m\u00e5ste i varje skytts v\u00e4ska, Pro Grip \u00e4r det hemliga vapnet f\u00f6r framg\u00e5ng inom actionsskytte.<\/p>\n","protected":false},"excerpt":{"rendered":"<p>Pro Grip: M\u00e4stargodk\u00e4nd lotion f\u00f6r \u00f6verl\u00e4gsen vapenkontroll.<\/p>\n","protected":false},"featured_media":27296,"template":"","meta":{"_acf_changed":false},"product_brand":[11276],"product_cat":[13007,13040,13020],"product_tag":[],"class_list":{"0":"post-44858","1":"product","2":"type-product","3":"status-publish","4":"has-post-thumbnail","6":"product_brand-doublealpha","7":"product_cat-hoelster","8":"product_cat-hoelstertillbehoer","9":"product_cat-utrustning","11":"first","12":"instock","13":"taxable","14":"shipping-taxable","15":"purchasable","16":"product-type-simple"},"acf":[],"_links":{"self":[{"href":"https:\/\/staging.nbg.eu\/sv\/wp-json\/wp\/v2\/product\/44858","targetHints":{"allow":["GET"]}}],"collection":[{"href":"https:\/\/staging.nbg.eu\/sv\/wp-json\/wp\/v2\/product"}],"about":[{"href":"https:\/\/staging.nbg.eu\/sv\/wp-json\/wp\/v2\/types\/product"}],"wp:featuredmedia":[{"embeddable":true,"href":"https:\/\/staging.nbg.eu\/sv\/wp-json\/wp\/v2\/media\/27296"}],"wp:attachment":[{"href":"https:\/\/staging.nbg.eu\/sv\/wp-json\/wp\/v2\/media?parent=44858"}],"wp:term":[{"taxonomy":"product_brand","embeddable":true,"href":"https:\/\/staging.nbg.eu\/sv\/wp-json\/wp\/v2\/product_brand?post=44858"},{"taxonomy":"product_cat","embeddable":true,"href":"https:\/\/staging.nbg.eu\/sv\/wp-json\/wp\/v2\/product_cat?post=44858"},{"taxonomy":"product_tag","embeddable":true,"href":"https:\/\/staging.nbg.eu\/sv\/wp-json\/wp\/v2\/product_tag?post=44858"}],"curies":[{"name":"wp","href":"https:\/\/api.w.org\/{rel}","templated":true}]}}