{"id":44792,"date":"2024-08-18T09:35:34","date_gmt":"2024-08-18T09:35:34","guid":{"rendered":"https:\/\/staging.nbg.eu\/product\/mr-bulletfeeder-pro-dropper-assembly-9-38s\/"},"modified":"2024-09-10T10:59:28","modified_gmt":"2024-09-10T10:59:28","slug":"mr-bulletfeeder-pro-dropper-enhet-938s","status":"publish","type":"product","link":"https:\/\/staging.nbg.eu\/sv\/produkt\/mr-bulletfeeder-pro-dropper-enhet-938s\/","title":{"rendered":"Mr. Bulletfeeder Pro Dropper Enhet 9\/38S"},"content":{"rendered":"<p>Uppgradera din omladdningsutrustning med <strong>Mr. Bulletfeeder Pro Dropper Assembly 9\/38S<\/strong>. Denna f\u00f6rb\u00e4ttrade komponent har f\u00f6ljande egenskaper:<\/p>\n<ul>\n<li>F\u00f6rb\u00e4ttrad gravitationsdriven prestanda<\/li>\n<li>Dubbell\u00e4ngd m\u00e4ssingsdel f\u00f6r \u00f6kad vikt och tillf\u00f6rlitlighet<\/li>\n<li>Helst\u00e5ldel f\u00f6r \u00f6kad h\u00e5llbarhet<\/li>\n<li>F\u00f6rhindrar stopp orsakade av matningsfj\u00e4dersp\u00e4nning eller friktion<\/li>\n<li>Utformad f\u00f6r h\u00f6gvolymsladdare<\/li>\n<\/ul>\n<p>Upplev konsekvent och effektiv kulmatning med denna dropper-enhet av professionell kvalitet.<\/p>\n","protected":false},"excerpt":{"rendered":"<p>F\u00f6rb\u00e4ttrad, tyngre dropper f\u00f6r tillf\u00f6rlitlig kulmatning. St\u00e5ldelar f\u00f6r h\u00e5llbarhet.<\/p>\n","protected":false},"featured_media":27388,"template":"","meta":{"_acf_changed":false},"product_brand":[11276],"product_cat":[13049,13003],"product_tag":[],"class_list":{"0":"post-44792","1":"product","2":"type-product","3":"status-publish","4":"has-post-thumbnail","6":"product_brand-doublealpha","7":"product_cat-omladdning","8":"product_cat-omladdningstillbehoer","10":"first","11":"outofstock","12":"taxable","13":"shipping-taxable","14":"purchasable","15":"product-type-simple"},"acf":[],"_links":{"self":[{"href":"https:\/\/staging.nbg.eu\/sv\/wp-json\/wp\/v2\/product\/44792","targetHints":{"allow":["GET"]}}],"collection":[{"href":"https:\/\/staging.nbg.eu\/sv\/wp-json\/wp\/v2\/product"}],"about":[{"href":"https:\/\/staging.nbg.eu\/sv\/wp-json\/wp\/v2\/types\/product"}],"wp:featuredmedia":[{"embeddable":true,"href":"https:\/\/staging.nbg.eu\/sv\/wp-json\/wp\/v2\/media\/27388"}],"wp:attachment":[{"href":"https:\/\/staging.nbg.eu\/sv\/wp-json\/wp\/v2\/media?parent=44792"}],"wp:term":[{"taxonomy":"product_brand","embeddable":true,"href":"https:\/\/staging.nbg.eu\/sv\/wp-json\/wp\/v2\/product_brand?post=44792"},{"taxonomy":"product_cat","embeddable":true,"href":"https:\/\/staging.nbg.eu\/sv\/wp-json\/wp\/v2\/product_cat?post=44792"},{"taxonomy":"product_tag","embeddable":true,"href":"https:\/\/staging.nbg.eu\/sv\/wp-json\/wp\/v2\/product_tag?post=44792"}],"curies":[{"name":"wp","href":"https:\/\/api.w.org\/{rel}","templated":true}]}}