{"id":44744,"date":"2024-08-18T09:36:04","date_gmt":"2024-08-18T09:36:04","guid":{"rendered":"https:\/\/staging.nbg.eu\/product\/lynx-belt-buckle-roll-pins-50bag\/"},"modified":"2024-09-10T09:19:56","modified_gmt":"2024-09-10T09:19:56","slug":"lynx-baeltspaenne-rullstift-50-pase","status":"publish","type":"product","link":"https:\/\/staging.nbg.eu\/sv\/produkt\/lynx-baeltspaenne-rullstift-50-pase\/","title":{"rendered":"Lynx B\u00e4ltsp\u00e4nne Rullstift (50 P\u00e5se)"},"content":{"rendered":"<p>\nErs\u00e4ttningsrullstift f\u00f6r Lynx b\u00e4ltesp\u00e4nnen. F\u00f6rpackning med 50 stift. N\u00f6dv\u00e4ndiga f\u00f6r montering och reparation av Lynx-b\u00e4lten. S\u00e4kerst\u00e4ller en s\u00e4ker passform f\u00f6r din Lynx-sp\u00e4nne.<\/p>\n","protected":false},"excerpt":{"rendered":"<p>Lynx b\u00e4ltesrullar (50\/p\u00e5se): Extra stift f\u00f6r dina Lynx-b\u00e4lten.<\/p>\n","protected":false},"featured_media":27457,"template":"","meta":{"_acf_changed":false},"product_brand":[11276],"product_cat":[13023,13020],"product_tag":[],"class_list":{"0":"post-44744","1":"product","2":"type-product","3":"status-publish","4":"has-post-thumbnail","6":"product_brand-doublealpha","7":"product_cat-sportbaelten","8":"product_cat-utrustning","10":"first","11":"instock","12":"taxable","13":"shipping-taxable","14":"purchasable","15":"product-type-simple"},"acf":[],"_links":{"self":[{"href":"https:\/\/staging.nbg.eu\/sv\/wp-json\/wp\/v2\/product\/44744","targetHints":{"allow":["GET"]}}],"collection":[{"href":"https:\/\/staging.nbg.eu\/sv\/wp-json\/wp\/v2\/product"}],"about":[{"href":"https:\/\/staging.nbg.eu\/sv\/wp-json\/wp\/v2\/types\/product"}],"wp:featuredmedia":[{"embeddable":true,"href":"https:\/\/staging.nbg.eu\/sv\/wp-json\/wp\/v2\/media\/27457"}],"wp:attachment":[{"href":"https:\/\/staging.nbg.eu\/sv\/wp-json\/wp\/v2\/media?parent=44744"}],"wp:term":[{"taxonomy":"product_brand","embeddable":true,"href":"https:\/\/staging.nbg.eu\/sv\/wp-json\/wp\/v2\/product_brand?post=44744"},{"taxonomy":"product_cat","embeddable":true,"href":"https:\/\/staging.nbg.eu\/sv\/wp-json\/wp\/v2\/product_cat?post=44744"},{"taxonomy":"product_tag","embeddable":true,"href":"https:\/\/staging.nbg.eu\/sv\/wp-json\/wp\/v2\/product_tag?post=44744"}],"curies":[{"name":"wp","href":"https:\/\/api.w.org\/{rel}","templated":true}]}}