{"id":44700,"date":"2024-08-18T09:36:41","date_gmt":"2024-08-18T09:36:41","guid":{"rendered":"https:\/\/staging.nbg.eu\/product\/mr-bulletfeeder-pro-9-38s\/"},"modified":"2024-09-10T09:12:42","modified_gmt":"2024-09-10T09:12:42","slug":"mrbulletfeeder-pro-938s","status":"publish","type":"product","link":"https:\/\/staging.nbg.eu\/sv\/produkt\/mrbulletfeeder-pro-938s\/","title":{"rendered":"Mr.Bulletfeeder Pro 9\/38S"},"content":{"rendered":"<div class=\"product-description\">\n<h2>Mr.Bulletfeeder Pro 9\/38S<\/h2>\n<p>H\u00f6j din omladdningsupplevelse med Mr.Bulletfeeder Pro 9\/38S, den ultimata l\u00f6sningen f\u00f6r ammunition i stora volymer. Denna avancerade kulmatare har:<\/p>\n<ul>\n<li>Enorm kapacitet: Rymmer \u00f6ver 1 000 st 9mm 124 gr kulor<\/li>\n<li>Imponerande produktion: Upp till 7 200 kulor per timme<\/li>\n<li>Robust konstruktion: St\u00e5ldropp-dorn f\u00f6r \u00f6kad h\u00e5llbarhet<\/li>\n<li>Justerbart stativ: Teleskopiskt aluminiumstativ med justerbar h\u00f6jd f\u00f6r optimal positionering<\/li>\n<li>F\u00f6rb\u00e4ttrad tillf\u00f6rlitlighet: Tyngre komponenter s\u00e4kerst\u00e4ller konsekvent prestanda<\/li>\n<\/ul>\n<p>Perfekt f\u00f6r kommersiella omladdare och skyttar med h\u00f6g volym, Mr.Bulletfeeder Pro 9\/38S effektiviserar din ammunitionsproduktionsprocess och sparar tid och anstr\u00e4ngning.<\/p>\n<\/div>\n","protected":false},"excerpt":{"rendered":"<p>Mr.Bulletfeeder Pro 9\/38S: H\u00f6gkapacitets kulmatare f\u00f6r seri\u00f6sa omladdare.<\/p>\n","protected":false},"featured_media":27549,"template":"","meta":{"_acf_changed":false},"product_brand":[11276],"product_cat":[13049,13021],"product_tag":[],"class_list":{"0":"post-44700","1":"product","2":"type-product","3":"status-publish","4":"has-post-thumbnail","6":"product_brand-doublealpha","7":"product_cat-omladdning","8":"product_cat-omladdningsmaskiner","10":"first","11":"outofstock","12":"taxable","13":"shipping-taxable","14":"purchasable","15":"product-type-simple"},"acf":[],"_links":{"self":[{"href":"https:\/\/staging.nbg.eu\/sv\/wp-json\/wp\/v2\/product\/44700","targetHints":{"allow":["GET"]}}],"collection":[{"href":"https:\/\/staging.nbg.eu\/sv\/wp-json\/wp\/v2\/product"}],"about":[{"href":"https:\/\/staging.nbg.eu\/sv\/wp-json\/wp\/v2\/types\/product"}],"wp:featuredmedia":[{"embeddable":true,"href":"https:\/\/staging.nbg.eu\/sv\/wp-json\/wp\/v2\/media\/27549"}],"wp:attachment":[{"href":"https:\/\/staging.nbg.eu\/sv\/wp-json\/wp\/v2\/media?parent=44700"}],"wp:term":[{"taxonomy":"product_brand","embeddable":true,"href":"https:\/\/staging.nbg.eu\/sv\/wp-json\/wp\/v2\/product_brand?post=44700"},{"taxonomy":"product_cat","embeddable":true,"href":"https:\/\/staging.nbg.eu\/sv\/wp-json\/wp\/v2\/product_cat?post=44700"},{"taxonomy":"product_tag","embeddable":true,"href":"https:\/\/staging.nbg.eu\/sv\/wp-json\/wp\/v2\/product_tag?post=44700"}],"curies":[{"name":"wp","href":"https:\/\/api.w.org\/{rel}","templated":true}]}}