{"id":44678,"date":"2024-08-18T09:37:01","date_gmt":"2024-08-18T09:37:01","guid":{"rendered":"https:\/\/staging.nbg.eu\/product\/daa-carry-it-all-cia-backpack\/"},"modified":"2024-09-10T09:09:08","modified_gmt":"2024-09-10T09:09:08","slug":"daa-carry-it-all-cia-ryggsaeck","status":"publish","type":"product","link":"https:\/\/staging.nbg.eu\/sv\/produkt\/daa-carry-it-all-cia-ryggsaeck\/","title":{"rendered":"Daa Carry It All (Cia) Ryggs\u00e4ck"},"content":{"rendered":"<h2>DAA Carry It All (CIA) Ryggs\u00e4ck<\/h2>\n<p>Den ultimata skjutbanef\u00f6ljeslagaren f\u00f6r dedikerade IPSC-skyttar, Double-Alpha CIA Ryggs\u00e4ck \u00e4r designad f\u00f6r att m\u00f6ta och \u00f6vertr\u00e4ffa dina f\u00f6rv\u00e4ntningar.<\/p>\n<h2>Huvudfunktioner:<\/h2>\n<ul>\n<li>H\u00e5llbart D600 Cordura-material med vattenavvisande egenskaper<\/li>\n<li>Hypalon-fodrad botten f\u00f6r extra skydd<\/li>\n<li>Kardborre-fodrat inre f\u00f6r anpassningsbar f\u00f6rvaring<\/li>\n<li>Avtagbar central avdelare<\/li>\n<li>Rymlig \u00f6vre frontficka f\u00f6r h\u00f6rselskydd<\/li>\n<li>Extern kardborre-panel f\u00f6r personlig anpassning<\/li>\n<li>MOLLE-remmar f\u00f6r ytterligare f\u00e4sten<\/li>\n<li>Bekv\u00e4ma, avtagbara axelremmar<\/li>\n<li>Ergonomisk design f\u00f6r optimal viktf\u00f6rdelning<\/li>\n<\/ul>\n<h2>Specifikationer:<\/h2>\n<ul>\n<li>M\u00e5tt: 42B x 27D x 56H cm<\/li>\n<li>Kapacitet: Ca 37L<\/li>\n<li>Vikt: 2,8 kg<\/li>\n<li>F\u00e4rg: Svart<\/li>\n<\/ul>\n<p>Upplev den perfekta blandningen av h\u00e5llbarhet, funktionalitet och komfort med DAA CIA Ryggs\u00e4ck \u2013 din viktiga utrustning f\u00f6r \u00e5r av p\u00e5litlig tj\u00e4nst p\u00e5 skjutbanan.<\/p>\n","protected":false},"excerpt":{"rendered":"<p>DAA CIA Ryggs\u00e4ck: H\u00e5llbar, m\u00e5ngsidig v\u00e4ska f\u00f6r IPSC-skyttar.<\/p>\n","protected":false},"featured_media":27779,"template":"","meta":{"_acf_changed":false},"product_brand":[11276],"product_cat":[13066,13020],"product_tag":[],"class_list":{"0":"post-44678","1":"product","2":"type-product","3":"status-publish","4":"has-post-thumbnail","6":"product_brand-doublealpha","7":"product_cat-skjutvaeskor","8":"product_cat-utrustning","10":"first","11":"outofstock","12":"taxable","13":"shipping-taxable","14":"purchasable","15":"product-type-simple"},"acf":[],"_links":{"self":[{"href":"https:\/\/staging.nbg.eu\/sv\/wp-json\/wp\/v2\/product\/44678","targetHints":{"allow":["GET"]}}],"collection":[{"href":"https:\/\/staging.nbg.eu\/sv\/wp-json\/wp\/v2\/product"}],"about":[{"href":"https:\/\/staging.nbg.eu\/sv\/wp-json\/wp\/v2\/types\/product"}],"wp:featuredmedia":[{"embeddable":true,"href":"https:\/\/staging.nbg.eu\/sv\/wp-json\/wp\/v2\/media\/27779"}],"wp:attachment":[{"href":"https:\/\/staging.nbg.eu\/sv\/wp-json\/wp\/v2\/media?parent=44678"}],"wp:term":[{"taxonomy":"product_brand","embeddable":true,"href":"https:\/\/staging.nbg.eu\/sv\/wp-json\/wp\/v2\/product_brand?post=44678"},{"taxonomy":"product_cat","embeddable":true,"href":"https:\/\/staging.nbg.eu\/sv\/wp-json\/wp\/v2\/product_cat?post=44678"},{"taxonomy":"product_tag","embeddable":true,"href":"https:\/\/staging.nbg.eu\/sv\/wp-json\/wp\/v2\/product_tag?post=44678"}],"curies":[{"name":"wp","href":"https:\/\/api.w.org\/{rel}","templated":true}]}}