{"id":44634,"date":"2024-08-18T09:37:54","date_gmt":"2024-08-18T09:37:54","guid":{"rendered":"https:\/\/staging.nbg.eu\/product\/daa-primer-pickup-tubes-5-pack-small\/"},"modified":"2024-09-10T08:59:15","modified_gmt":"2024-09-10T08:59:15","slug":"daa-taendare-uppsamlingsroer-5-pack-liten","status":"publish","type":"product","link":"https:\/\/staging.nbg.eu\/sv\/produkt\/daa-taendare-uppsamlingsroer-5-pack-liten\/","title":{"rendered":"Daa T\u00e4ndare Uppsamlingsr\u00f6r, 5-Pack, Liten"},"content":{"rendered":"<div class=\"product-description\">\n<h2>DAA T\u00e4ndhattsplockarr\u00f6r, 5-pack, sm\u00e5<\/h2>\n<p>H\u00f6j din omladdningsupplevelse med DAA:s t\u00e4ndhattsplockarr\u00f6r. Tillverkade av f\u00f6rstklassigt aluminium med hj\u00e4lp av specialverktyg f\u00f6r extrudering, erbjuder dessa r\u00f6r o\u00f6vertr\u00e4ffad precision och finish. Den r\u00f6da anodiserade ytan f\u00f6r sm\u00e5 t\u00e4ndhattar s\u00e4kerst\u00e4ller enkel identifiering och ger ett elegant utseende.<\/p>\n<ul>\n<li>Ergonomisk plock\u00e4nde med bredare fingersst\u00f6dsomr\u00e5de f\u00f6rhindrar handtr\u00f6tthet<\/li>\n<li>Omdesignad spets med dubbla t\u00e4nder f\u00f6r s\u00e4kert grepp om t\u00e4ndhatten<\/li>\n<li>Genomskinliga \u00e4ndstycken f\u00f6r enkel sikt av t\u00e4ndhattar<\/li>\n<li>T\u00e4tt sittande \u00e4ndar f\u00f6rhindrar oavsiktlig lossning<\/li>\n<li>Konsekvent inre och yttre fasning f\u00f6r optimal matning<\/li>\n<\/ul>\n<p>Upplev bekv\u00e4mligheten och effektiviteten med DAA:s t\u00e4ndhattsplockarr\u00f6r i din omladdningsprocess. Uppgradera din utrustning idag!<\/p>\n<\/div>\n","protected":false},"excerpt":{"rendered":"<p>DAA Upptagningsr\u00f6r f\u00f6r t\u00e4ndhattar: 5-pack, sm\u00e5, r\u00f6danodiserad aluminium, ergonomisk design.<\/p>\n","protected":false},"featured_media":28055,"template":"","meta":{"_acf_changed":false},"product_brand":[11276],"product_cat":[13049,13003],"product_tag":[],"class_list":{"0":"post-44634","1":"product","2":"type-product","3":"status-publish","4":"has-post-thumbnail","6":"product_brand-doublealpha","7":"product_cat-omladdning","8":"product_cat-omladdningstillbehoer","10":"first","11":"outofstock","12":"taxable","13":"shipping-taxable","14":"purchasable","15":"product-type-simple"},"acf":[],"_links":{"self":[{"href":"https:\/\/staging.nbg.eu\/sv\/wp-json\/wp\/v2\/product\/44634","targetHints":{"allow":["GET"]}}],"collection":[{"href":"https:\/\/staging.nbg.eu\/sv\/wp-json\/wp\/v2\/product"}],"about":[{"href":"https:\/\/staging.nbg.eu\/sv\/wp-json\/wp\/v2\/types\/product"}],"wp:featuredmedia":[{"embeddable":true,"href":"https:\/\/staging.nbg.eu\/sv\/wp-json\/wp\/v2\/media\/28055"}],"wp:attachment":[{"href":"https:\/\/staging.nbg.eu\/sv\/wp-json\/wp\/v2\/media?parent=44634"}],"wp:term":[{"taxonomy":"product_brand","embeddable":true,"href":"https:\/\/staging.nbg.eu\/sv\/wp-json\/wp\/v2\/product_brand?post=44634"},{"taxonomy":"product_cat","embeddable":true,"href":"https:\/\/staging.nbg.eu\/sv\/wp-json\/wp\/v2\/product_cat?post=44634"},{"taxonomy":"product_tag","embeddable":true,"href":"https:\/\/staging.nbg.eu\/sv\/wp-json\/wp\/v2\/product_tag?post=44634"}],"curies":[{"name":"wp","href":"https:\/\/api.w.org\/{rel}","templated":true}]}}