{"id":44556,"date":"2024-08-18T09:38:53","date_gmt":"2024-08-18T09:38:53","guid":{"rendered":"https:\/\/staging.nbg.eu\/product\/alpha-xi-pouch-without-inlay\/"},"modified":"2024-09-10T08:40:06","modified_gmt":"2024-09-10T08:40:06","slug":"alpha-xi-ficka-utan-inlaegg","status":"publish","type":"product","link":"https:\/\/staging.nbg.eu\/sv\/produkt\/alpha-xi-ficka-utan-inlaegg\/","title":{"rendered":"Alpha-Xi Ficka Utan Inl\u00e4gg"},"content":{"rendered":"<h2>Alpha-Xi Magasinficka Utan Inl\u00e4gg &#8211; Finish<\/h2>\n<p>Vi presenterar Alpha-Xi Magasinfickan, en revolutionerande design inom taktisk utrustning. Denna ficka har f\u00f6ljande egenskaper:<\/p>\n<ul>\n<li>F\u00f6rb\u00e4ttrad h\u00e5llbarhet med en anpassad skruvinf\u00e4stning med brett huvud<\/li>\n<li>8 m\u00e5ngsidiga anslutningspunkter f\u00f6r optimal positionering<\/li>\n<li>Tre h\u00f6jdalternativ f\u00f6r b\u00e5de h\u00f6ger- och v\u00e4nsterh\u00e4nta skyttar<\/li>\n<li>Tv\u00e5 h\u00f6jdalternativ f\u00f6r montering med kulorna ut\u00e5t<\/li>\n<li>Nyckelsp\u00e5rsf\u00f6rankring f\u00f6r stenh\u00e5rd stabilitet<\/li>\n<\/ul>\n<p>Alpha-Xi:s f\u00f6rb\u00e4ttrade kulledsanslutning garanterar o\u00f6vertr\u00e4ffad styrka, \u00e4ven under intensiva f\u00f6rh\u00e5llanden. Oavsett om du g\u00e5r ner i liggande skjutst\u00e4llning eller navigerar genom hinder, st\u00e5r denna ficka upp mot utmaningen. Upplev n\u00e4sta niv\u00e5 av magasinb\u00e4rande med Alpha-Xi Fickan &#8211; h\u00e5llbarhet och flexibilitet omdefinierat.<\/p>\n<p><strong>Obs:<\/strong> Denna version inkluderar inte ett inl\u00e4gg.<\/p>\n","protected":false},"excerpt":{"rendered":"<p>H\u00e5llbart magasinfodral med avancerad kulledsf\u00e4ste f\u00f6r b\u00e4lte.<\/p>\n","protected":false},"featured_media":28285,"template":"","meta":{"_acf_changed":false},"product_brand":[11276],"product_cat":[13011,13007,12996,13045,13020],"product_tag":[],"class_list":{"0":"post-44556","1":"product","2":"type-product","3":"status-publish","4":"has-post-thumbnail","6":"product_brand-doublealpha","7":"product_cat-fickor","8":"product_cat-hoelster","9":"product_cat-magasinhallare","10":"product_cat-sporthoelster","11":"product_cat-utrustning","13":"first","14":"instock","15":"taxable","16":"shipping-taxable","17":"purchasable","18":"product-type-simple"},"acf":[],"_links":{"self":[{"href":"https:\/\/staging.nbg.eu\/sv\/wp-json\/wp\/v2\/product\/44556","targetHints":{"allow":["GET"]}}],"collection":[{"href":"https:\/\/staging.nbg.eu\/sv\/wp-json\/wp\/v2\/product"}],"about":[{"href":"https:\/\/staging.nbg.eu\/sv\/wp-json\/wp\/v2\/types\/product"}],"wp:featuredmedia":[{"embeddable":true,"href":"https:\/\/staging.nbg.eu\/sv\/wp-json\/wp\/v2\/media\/28285"}],"wp:attachment":[{"href":"https:\/\/staging.nbg.eu\/sv\/wp-json\/wp\/v2\/media?parent=44556"}],"wp:term":[{"taxonomy":"product_brand","embeddable":true,"href":"https:\/\/staging.nbg.eu\/sv\/wp-json\/wp\/v2\/product_brand?post=44556"},{"taxonomy":"product_cat","embeddable":true,"href":"https:\/\/staging.nbg.eu\/sv\/wp-json\/wp\/v2\/product_cat?post=44556"},{"taxonomy":"product_tag","embeddable":true,"href":"https:\/\/staging.nbg.eu\/sv\/wp-json\/wp\/v2\/product_tag?post=44556"}],"curies":[{"name":"wp","href":"https:\/\/api.w.org\/{rel}","templated":true}]}}