{"id":44511,"date":"2024-08-18T09:39:25","date_gmt":"2024-08-18T09:39:25","guid":{"rendered":"https:\/\/staging.nbg.eu\/product\/corn-cob-media-4kg\/"},"modified":"2024-09-10T08:26:43","modified_gmt":"2024-09-10T08:26:43","slug":"majskolv-media-4kg","status":"publish","type":"product","link":"https:\/\/staging.nbg.eu\/sv\/produkt\/majskolv-media-4kg\/","title":{"rendered":"Majskolv Media 4Kg"},"content":{"rendered":"<h2>Majskolvsmedia 4 kg<\/h2>\n<p>Lyft ditt hylsreng\u00f6ringsresultat med v\u00e5r f\u00f6rstklassiga 4 kg Majskolvsmedia. Detta h\u00f6gkvalitativa media \u00e4r utformat f\u00f6r att:<\/p>\n<ul>\n<li>Avl\u00e4gsna grus, smuts och krutresterna fr\u00e5n dina hylsor<\/li>\n<li>Ge dina hylsor en vacker glans<\/li>\n<li>Reng\u00f6ra \u00e4ven de minsta vr\u00e5rna i hylskanter och t\u00e4ndhatts\u00e4ten<\/li>\n<\/ul>\n<p>Perfekt f\u00f6r anv\u00e4ndning i sm\u00e5 till medelstora trumlare och vibratorer, v\u00e5rt finmalda media s\u00e4kerst\u00e4ller grundlig reng\u00f6ring av dina m\u00e4ssingshylsor. M\u00e4ngden p\u00e5 4 kg m\u00f6jligg\u00f6r flera anv\u00e4ndningar och ger utm\u00e4rkt valuta f\u00f6r pengarna.<\/p>\n<p>\u00c4ven om detta media kan anv\u00e4ndas upprepade g\u00e5nger rekommenderar vi regelbundet byte f\u00f6r att bibeh\u00e5lla optimala reng\u00f6ringsresultat. Investera i v\u00e5r Majskolvsmedia idag och upplev skillnaden i din omladdningsprocess!<\/p>\n","protected":false},"excerpt":{"rendered":"<p>4 kg majskolvsmedia: Reng\u00f6r och polerar m\u00e4ssingshylsor, \u00e5teranv\u00e4ndbar.<\/p>\n","protected":false},"featured_media":28584,"template":"","meta":{"_acf_changed":false},"product_brand":[],"product_cat":[13047,13049],"product_tag":[],"class_list":{"0":"post-44511","1":"product","2":"type-product","3":"status-publish","4":"has-post-thumbnail","6":"product_cat-hylsfoerberedelse","7":"product_cat-omladdning","9":"first","10":"outofstock","11":"taxable","12":"shipping-taxable","13":"purchasable","14":"product-type-simple"},"acf":[],"_links":{"self":[{"href":"https:\/\/staging.nbg.eu\/sv\/wp-json\/wp\/v2\/product\/44511","targetHints":{"allow":["GET"]}}],"collection":[{"href":"https:\/\/staging.nbg.eu\/sv\/wp-json\/wp\/v2\/product"}],"about":[{"href":"https:\/\/staging.nbg.eu\/sv\/wp-json\/wp\/v2\/types\/product"}],"wp:featuredmedia":[{"embeddable":true,"href":"https:\/\/staging.nbg.eu\/sv\/wp-json\/wp\/v2\/media\/28584"}],"wp:attachment":[{"href":"https:\/\/staging.nbg.eu\/sv\/wp-json\/wp\/v2\/media?parent=44511"}],"wp:term":[{"taxonomy":"product_brand","embeddable":true,"href":"https:\/\/staging.nbg.eu\/sv\/wp-json\/wp\/v2\/product_brand?post=44511"},{"taxonomy":"product_cat","embeddable":true,"href":"https:\/\/staging.nbg.eu\/sv\/wp-json\/wp\/v2\/product_cat?post=44511"},{"taxonomy":"product_tag","embeddable":true,"href":"https:\/\/staging.nbg.eu\/sv\/wp-json\/wp\/v2\/product_tag?post=44511"}],"curies":[{"name":"wp","href":"https:\/\/api.w.org\/{rel}","templated":true}]}}