{"id":44489,"date":"2024-08-18T09:39:38","date_gmt":"2024-08-18T09:39:38","guid":{"rendered":"https:\/\/staging.nbg.eu\/product\/sordin-silicone-gel-replacement-ear-pads\/"},"modified":"2024-09-10T08:15:59","modified_gmt":"2024-09-10T08:15:59","slug":"sordin-silikongel-ersaettningsdynor-foer-oeron","status":"publish","type":"product","link":"https:\/\/staging.nbg.eu\/sv\/produkt\/sordin-silikongel-ersaettningsdynor-foer-oeron\/","title":{"rendered":"Sordin Silikongel Ers\u00e4ttningsdynor f\u00f6r \u00d6ron"},"content":{"rendered":"<div class=\"product-description\">\n<h2>Sordin Silikon Gel Ers\u00e4ttnings\u00f6ronkuddar<\/h2>\n<p>Uppgradera dina Sordin h\u00f6rselskydd med v\u00e5rt Silikon Gel Ers\u00e4ttningskit, som inneh\u00e5ller:<\/p>\n<ul>\n<li>2 Silikon Gel \u00d6ronkuddar<\/li>\n<li>2 Isolationskuddar<\/li>\n<\/ul>\n<p>Upplev \u00f6verl\u00e4gsen komfort och ljudskydd med dessa innovativa gelkuddar som formar sig efter ditt huvud. Perfekta f\u00f6r anv\u00e4ndning med skytteglas\u00f6gon, anpassar de sig runt glas\u00f6gonb\u00e5garna f\u00f6r f\u00f6rb\u00e4ttrat skydd och komfort.<\/p>\n<p>Kompatibla med alla Sordin-modeller: Supreme Pro, Pro-X och Pro+3. Enkla att installera utan n\u00e5gra modifieringar.<\/p>\n<p>F\u00f6rb\u00e4ttra hygien och prestanda genom att regelbundet byta ut dina \u00f6ronkuddar. Prova dessa gelkuddar f\u00f6r att verkligen uppskatta skillnaden i komfort och ljudisolering.<\/p>\n<\/div>\n","protected":false},"excerpt":{"rendered":"<p>\u00d6ronkuddar i silikongel f\u00f6r Sordin-headset. F\u00f6rb\u00e4ttrad komfort och ljudskydd.<\/p>\n","protected":false},"featured_media":28607,"template":"","meta":{"_acf_changed":false},"product_brand":[],"product_cat":[13015,13020],"product_tag":[],"class_list":{"0":"post-44489","1":"product","2":"type-product","3":"status-publish","4":"has-post-thumbnail","6":"product_cat-hoerselskydd","7":"product_cat-utrustning","9":"first","10":"outofstock","11":"taxable","12":"shipping-taxable","13":"purchasable","14":"product-type-simple"},"acf":[],"_links":{"self":[{"href":"https:\/\/staging.nbg.eu\/sv\/wp-json\/wp\/v2\/product\/44489","targetHints":{"allow":["GET"]}}],"collection":[{"href":"https:\/\/staging.nbg.eu\/sv\/wp-json\/wp\/v2\/product"}],"about":[{"href":"https:\/\/staging.nbg.eu\/sv\/wp-json\/wp\/v2\/types\/product"}],"wp:featuredmedia":[{"embeddable":true,"href":"https:\/\/staging.nbg.eu\/sv\/wp-json\/wp\/v2\/media\/28607"}],"wp:attachment":[{"href":"https:\/\/staging.nbg.eu\/sv\/wp-json\/wp\/v2\/media?parent=44489"}],"wp:term":[{"taxonomy":"product_brand","embeddable":true,"href":"https:\/\/staging.nbg.eu\/sv\/wp-json\/wp\/v2\/product_brand?post=44489"},{"taxonomy":"product_cat","embeddable":true,"href":"https:\/\/staging.nbg.eu\/sv\/wp-json\/wp\/v2\/product_cat?post=44489"},{"taxonomy":"product_tag","embeddable":true,"href":"https:\/\/staging.nbg.eu\/sv\/wp-json\/wp\/v2\/product_tag?post=44489"}],"curies":[{"name":"wp","href":"https:\/\/api.w.org\/{rel}","templated":true}]}}