{"id":44396,"date":"2024-08-18T19:23:04","date_gmt":"2024-09-10T07:49:03","guid":{"rendered":"https:\/\/staging.nbg.eu\/product\/d%d0%b0%d0%b0-ratchet-inner-belt\/"},"modified":"2024-09-10T07:50:01","modified_gmt":"2024-09-10T07:50:01","slug":"d%d0%b0%d0%b0-ratchet-inner-belt","status":"publish","type":"product","link":"https:\/\/staging.nbg.eu\/sv\/produkt\/d%d0%b0%d0%b0-ratchet-inner-belt\/","title":{"rendered":"D\u0410\u0410 Ratchet Inner Belt"},"content":{"rendered":"<h2>DAA Sp\u00e4rrmekanism Innerb\u00e4lte<\/h2>\n<p>Upplev o\u00f6vertr\u00e4ffad komfort med det innovativa DAA Sp\u00e4rrmekanism Innerb\u00e4lte. Med en unik hopf\u00e4llbar sektion designad f\u00f6r att sitta under sp\u00e4rrmekanismen eliminerar detta b\u00e4lte obekv\u00e4ma tryckpunkter n\u00e4r du drar \u00e5t och f\u00f6rkortar ytterb\u00e4ltet.<\/p>\n<ul>\n<li>Hopf\u00e4llbar sektion utan plastk\u00e4rna eller kardborreband f\u00f6r enkel vikning<\/li>\n<li>Spetsiga \u00e4ndar f\u00f6r enkel tr\u00e4dning genom byx\u00f6glor<\/li>\n<li>\u00d6verl\u00e4gsen komfort j\u00e4mf\u00f6rt med traditionella innerb\u00e4lten<\/li>\n<li>Tillverkat av samma h\u00f6gkvalitativa material som standard DAA Innerb\u00e4lten<\/li>\n<\/ul>\n<p>S\u00e4g farv\u00e4l till obehag orsakat av h\u00e5rda material som inte viks enkelt. DAA Sp\u00e4rrmekanism Innerb\u00e4lte s\u00e4kerst\u00e4ller en bekv\u00e4m passform utan att kompromissa med komforten, vilket g\u00f6r det till det perfekta valet f\u00f6r kr\u00e4sna anv\u00e4ndare som kr\u00e4ver det b\u00e4sta inom b\u00e4ltesteknologi.<\/p>\n","protected":false},"excerpt":{"rendered":"<p>Bekv\u00e4mt innerb\u00e4lte med hopf\u00e4llbar sektion f\u00f6r sp\u00e4rrb\u00e4ltesl\u00e5s.<\/p>\n","protected":false},"featured_media":29067,"template":"","meta":{"_acf_changed":false},"product_brand":[11276],"product_cat":[13023,13020],"product_tag":[],"class_list":{"0":"post-44396","1":"product","2":"type-product","3":"status-publish","4":"has-post-thumbnail","6":"product_brand-doublealpha","7":"product_cat-sportbaelten","8":"product_cat-utrustning","10":"first","11":"instock","12":"taxable","13":"shipping-taxable","14":"purchasable","15":"product-type-variable","16":"wvs-archive-product-wrapper"},"acf":[],"_links":{"self":[{"href":"https:\/\/staging.nbg.eu\/sv\/wp-json\/wp\/v2\/product\/44396","targetHints":{"allow":["GET"]}}],"collection":[{"href":"https:\/\/staging.nbg.eu\/sv\/wp-json\/wp\/v2\/product"}],"about":[{"href":"https:\/\/staging.nbg.eu\/sv\/wp-json\/wp\/v2\/types\/product"}],"wp:featuredmedia":[{"embeddable":true,"href":"https:\/\/staging.nbg.eu\/sv\/wp-json\/wp\/v2\/media\/29067"}],"wp:attachment":[{"href":"https:\/\/staging.nbg.eu\/sv\/wp-json\/wp\/v2\/media?parent=44396"}],"wp:term":[{"taxonomy":"product_brand","embeddable":true,"href":"https:\/\/staging.nbg.eu\/sv\/wp-json\/wp\/v2\/product_brand?post=44396"},{"taxonomy":"product_cat","embeddable":true,"href":"https:\/\/staging.nbg.eu\/sv\/wp-json\/wp\/v2\/product_cat?post=44396"},{"taxonomy":"product_tag","embeddable":true,"href":"https:\/\/staging.nbg.eu\/sv\/wp-json\/wp\/v2\/product_tag?post=44396"}],"curies":[{"name":"wp","href":"https:\/\/api.w.org\/{rel}","templated":true}]}}