{"id":44125,"date":"2024-03-14T09:38:02","date_gmt":"2024-03-14T09:38:02","guid":{"rendered":"https:\/\/staging.nbg.eu\/product\/produkt-5\/"},"modified":"2024-09-13T10:02:27","modified_gmt":"2024-09-13T10:02:27","slug":"produkt-5","status":"publish","type":"product","link":"https:\/\/staging.nbg.eu\/sv\/produkt\/produkt-5\/","title":{"rendered":"Bore Tech COTTON SWABS &#8211; 100 PACK"},"content":{"rendered":"<p>Bore Tech bomullspinnar: F\u00f6r punktreng\u00f6ring och precis applicering av l\u00f6sningsmedel. Egenskaper:<\/p>\n<ul>\n<li>Bomullstopp med l\u00e5g luddf\u00e4llning<\/li>\n<li>15 cm b\u00f6jbart bambuskaft<\/li>\n<li>L\u00e4mplig f\u00f6r AR-delar, avtryckargrupper och sv\u00e5r\u00e5tkomliga omr\u00e5den<\/li>\n<li>Anv\u00e4ndbar f\u00f6r att applicera fett och reng\u00f6ra sm\u00e5 utrymmen<\/li>\n<\/ul>\n<p>F\u00f6rpackning med 100 stycken f\u00f6r underh\u00e5ll av skjutvapen.<\/p>\n","protected":false},"excerpt":{"rendered":"<p>Precisionsreng\u00f6ringstops f\u00f6r skjutvapen. 15 cm bambuskaft, l\u00e5gluddande topp.<\/p>\n","protected":false},"featured_media":44126,"template":"","meta":{"_acf_changed":false},"product_brand":[11162],"product_cat":[13061,13034],"product_tag":[],"class_list":{"0":"post-44125","1":"product","2":"type-product","3":"status-publish","4":"has-post-thumbnail","6":"product_brand-boretech","7":"product_cat-borstar","8":"product_cat-vapenrengoering","10":"first","11":"instock","12":"taxable","13":"shipping-taxable","14":"purchasable","15":"product-type-simple"},"acf":[],"_links":{"self":[{"href":"https:\/\/staging.nbg.eu\/sv\/wp-json\/wp\/v2\/product\/44125","targetHints":{"allow":["GET"]}}],"collection":[{"href":"https:\/\/staging.nbg.eu\/sv\/wp-json\/wp\/v2\/product"}],"about":[{"href":"https:\/\/staging.nbg.eu\/sv\/wp-json\/wp\/v2\/types\/product"}],"wp:featuredmedia":[{"embeddable":true,"href":"https:\/\/staging.nbg.eu\/sv\/wp-json\/wp\/v2\/media\/44126"}],"wp:attachment":[{"href":"https:\/\/staging.nbg.eu\/sv\/wp-json\/wp\/v2\/media?parent=44125"}],"wp:term":[{"taxonomy":"product_brand","embeddable":true,"href":"https:\/\/staging.nbg.eu\/sv\/wp-json\/wp\/v2\/product_brand?post=44125"},{"taxonomy":"product_cat","embeddable":true,"href":"https:\/\/staging.nbg.eu\/sv\/wp-json\/wp\/v2\/product_cat?post=44125"},{"taxonomy":"product_tag","embeddable":true,"href":"https:\/\/staging.nbg.eu\/sv\/wp-json\/wp\/v2\/product_tag?post=44125"}],"curies":[{"name":"wp","href":"https:\/\/api.w.org\/{rel}","templated":true}]}}