{"id":44041,"date":"2024-08-18T19:33:17","date_gmt":"2024-09-09T15:47:51","guid":{"rendered":"https:\/\/staging.nbg.eu\/product\/lynx-belt-single-link\/"},"modified":"2025-01-24T12:50:47","modified_gmt":"2025-01-24T12:50:47","slug":"lynx-belt-single-link","status":"publish","type":"product","link":"https:\/\/staging.nbg.eu\/sv\/produkt\/lynx-belt-single-link\/","title":{"rendered":"Lynx Belt Single Link"},"content":{"rendered":"<div class=\"product-description\">\n<h2>Lynx B\u00e4lte Enskild L\u00e4nk<\/h2>\n<p>Anpassa ditt Lynx-b\u00e4lte med enskilda l\u00e4nkar:<\/p>\n<ul>\n<li>V\u00e4lj mellan 5 tillg\u00e4ngliga f\u00e4rger<\/li>\n<li>Utforma ditt b\u00e4lte f\u00f6r att matcha din nationsflagga, skytteklubb eller uniform<\/li>\n<li>K\u00f6p enskilda l\u00e4nkar i valfri f\u00e4rg och antal<\/li>\n<\/ul>\n<h3>M\u00e5tt:<\/h3>\n<ul>\n<li>L\u00e4ngd: 33mm (fr\u00e5n stift till stift)<\/li>\n<li>H\u00f6jd: 38,7mm<\/li>\n<li>Tjocklek: 8,8mm (p\u00e5 kardborreband), 7mm (utan band)<\/li>\n<\/ul>\n<p>Lynx B\u00e4lte Enskild L\u00e4nk l\u00e5ter dig anpassa ditt b\u00e4lte.<\/p>\n<\/div>\n","protected":false},"excerpt":{"rendered":"<p>Anpassningsbar l\u00e4nk till b\u00e4lte: 5 f\u00e4rger, blanda och matcha f\u00f6r unika designer.<\/p>\n","protected":false},"featured_media":29159,"template":"","meta":{"_acf_changed":false},"product_brand":[11276],"product_cat":[13023,13020],"product_tag":[],"class_list":{"0":"post-44041","1":"product","2":"type-product","3":"status-publish","4":"has-post-thumbnail","6":"product_brand-doublealpha","7":"product_cat-sportbaelten","8":"product_cat-utrustning","10":"first","11":"instock","12":"taxable","13":"shipping-taxable","14":"purchasable","15":"product-type-variable","16":"wvs-archive-product-wrapper"},"acf":[],"_links":{"self":[{"href":"https:\/\/staging.nbg.eu\/sv\/wp-json\/wp\/v2\/product\/44041","targetHints":{"allow":["GET"]}}],"collection":[{"href":"https:\/\/staging.nbg.eu\/sv\/wp-json\/wp\/v2\/product"}],"about":[{"href":"https:\/\/staging.nbg.eu\/sv\/wp-json\/wp\/v2\/types\/product"}],"wp:featuredmedia":[{"embeddable":true,"href":"https:\/\/staging.nbg.eu\/sv\/wp-json\/wp\/v2\/media\/29159"}],"wp:attachment":[{"href":"https:\/\/staging.nbg.eu\/sv\/wp-json\/wp\/v2\/media?parent=44041"}],"wp:term":[{"taxonomy":"product_brand","embeddable":true,"href":"https:\/\/staging.nbg.eu\/sv\/wp-json\/wp\/v2\/product_brand?post=44041"},{"taxonomy":"product_cat","embeddable":true,"href":"https:\/\/staging.nbg.eu\/sv\/wp-json\/wp\/v2\/product_cat?post=44041"},{"taxonomy":"product_tag","embeddable":true,"href":"https:\/\/staging.nbg.eu\/sv\/wp-json\/wp\/v2\/product_tag?post=44041"}],"curies":[{"name":"wp","href":"https:\/\/api.w.org\/{rel}","templated":true}]}}