{"id":414791,"date":"2025-05-14T22:52:38","date_gmt":"2025-05-14T19:52:38","guid":{"rendered":"https:\/\/staging.nbg.eu\/product\/grip-kmr-s-dotmatrix-ergo-black\/"},"modified":"2025-07-03T13:18:55","modified_gmt":"2025-07-03T10:18:55","slug":"grepp-kmr-s-dotmatrix-ergo-svart","status":"publish","type":"product","link":"https:\/\/staging.nbg.eu\/sv\/produkt\/grepp-kmr-s-dotmatrix-ergo-svart\/","title":{"rendered":"Grepp KMR S DOTMATRIX ERGO SVART"},"content":{"rendered":"<div class=\"product-description\">\n<h2>Grepp KMR S DOTMATRIX ERGO SVART<\/h2>\n<p>Dessa grepp \u00e4r tillverkade av duralumin med ett golfbollsm\u00f6nster f\u00f6r b\u00e4ttre grepp. De passar f\u00f6r att uppgradera befintliga pistoler eller f\u00f6r t\u00e4vlingsvapen. Kompatibla med KMR S-01 LANCE (OR), KMR S-02 (till 2023) och utvalda CZ-modeller inklusive Shadow 1, Shadow 2 och SP-01.<\/p>\n<p>Referens: 0611-03001-0101<\/p>\n<p>M\u00e4rke: KMR Precision Arms<\/p>\n<\/div>\n","protected":false},"excerpt":{"rendered":"<p>Ergonomiska grepp i duralumin med golfbollsm\u00f6nster f\u00f6r s\u00e4kert grepp. Passar KMR- och CZ-pistoler.<\/p>\n","protected":false},"featured_media":359508,"template":"","meta":{"_acf_changed":false},"product_brand":[11511],"product_cat":[13005,13054],"product_tag":[],"class_list":{"0":"post-414791","1":"product","2":"type-product","3":"status-publish","4":"has-post-thumbnail","6":"product_brand-kmr-precision","7":"product_cat-kmr-delar","8":"product_cat-pistoldelar","10":"first","11":"instock","12":"taxable","13":"shipping-taxable","14":"purchasable","15":"product-type-simple"},"acf":[],"_links":{"self":[{"href":"https:\/\/staging.nbg.eu\/sv\/wp-json\/wp\/v2\/product\/414791","targetHints":{"allow":["GET"]}}],"collection":[{"href":"https:\/\/staging.nbg.eu\/sv\/wp-json\/wp\/v2\/product"}],"about":[{"href":"https:\/\/staging.nbg.eu\/sv\/wp-json\/wp\/v2\/types\/product"}],"wp:featuredmedia":[{"embeddable":true,"href":"https:\/\/staging.nbg.eu\/sv\/wp-json\/wp\/v2\/media\/359508"}],"wp:attachment":[{"href":"https:\/\/staging.nbg.eu\/sv\/wp-json\/wp\/v2\/media?parent=414791"}],"wp:term":[{"taxonomy":"product_brand","embeddable":true,"href":"https:\/\/staging.nbg.eu\/sv\/wp-json\/wp\/v2\/product_brand?post=414791"},{"taxonomy":"product_cat","embeddable":true,"href":"https:\/\/staging.nbg.eu\/sv\/wp-json\/wp\/v2\/product_cat?post=414791"},{"taxonomy":"product_tag","embeddable":true,"href":"https:\/\/staging.nbg.eu\/sv\/wp-json\/wp\/v2\/product_tag?post=414791"}],"curies":[{"name":"wp","href":"https:\/\/api.w.org\/{rel}","templated":true}]}}