{"id":414652,"date":"2025-07-03T12:35:21","date_gmt":"2025-07-03T09:35:21","guid":{"rendered":"https:\/\/staging.nbg.eu\/product\/grips-kmr-w-dotmatrix-black\/"},"modified":"2025-07-03T12:36:47","modified_gmt":"2025-07-03T09:36:47","slug":"grips-kmr-w-dotmatrix-svart","status":"publish","type":"product","link":"https:\/\/staging.nbg.eu\/sv\/produkt\/grips-kmr-w-dotmatrix-svart\/","title":{"rendered":"GRIPS KMR W DOTMATRIX SVART"},"content":{"rendered":"<div class=\"product-description\">\n<h2>GREPP KMR W DOTMATRIX SVART<\/h2>\n<p>Dessa duralumin-grepp f\u00f6r KMR-pistol. M\u00f6nstret ger textur f\u00f6r ett s\u00e4kert grepp. L\u00e4mplig f\u00f6r uppgradering av befintliga pistoler eller f\u00f6r t\u00e4vlingspistoler. Egenskaper:<\/p>\n<ul>\n<li>L\u00e5ng storlek<\/li>\n<li>Anodiserad duralumin<\/li>\n<li>Utan magasinguide<\/li>\n<li>Inkluderar torx-skruvar<\/li>\n<li>KMR-logotyp<\/li>\n<\/ul>\n<p>Kompatibel med KMR W-02 CUDA (till 2023), UMBRA och UMBRA (OR) modeller.<\/p>\n<\/div>\n","protected":false},"excerpt":{"rendered":"<p>H\u00e5llbara duraluminiumgrepp med golfbollstextur f\u00f6r KMR-pistoler.<\/p>\n","protected":false},"featured_media":359347,"template":"","meta":{"_acf_changed":false},"product_brand":[11511],"product_cat":[13005,13054],"product_tag":[],"class_list":{"0":"post-414652","1":"product","2":"type-product","3":"status-publish","4":"has-post-thumbnail","6":"product_brand-kmr-precision","7":"product_cat-kmr-delar","8":"product_cat-pistoldelar","10":"first","11":"instock","12":"taxable","13":"shipping-taxable","14":"purchasable","15":"product-type-simple"},"acf":[],"_links":{"self":[{"href":"https:\/\/staging.nbg.eu\/sv\/wp-json\/wp\/v2\/product\/414652","targetHints":{"allow":["GET"]}}],"collection":[{"href":"https:\/\/staging.nbg.eu\/sv\/wp-json\/wp\/v2\/product"}],"about":[{"href":"https:\/\/staging.nbg.eu\/sv\/wp-json\/wp\/v2\/types\/product"}],"wp:featuredmedia":[{"embeddable":true,"href":"https:\/\/staging.nbg.eu\/sv\/wp-json\/wp\/v2\/media\/359347"}],"wp:attachment":[{"href":"https:\/\/staging.nbg.eu\/sv\/wp-json\/wp\/v2\/media?parent=414652"}],"wp:term":[{"taxonomy":"product_brand","embeddable":true,"href":"https:\/\/staging.nbg.eu\/sv\/wp-json\/wp\/v2\/product_brand?post=414652"},{"taxonomy":"product_cat","embeddable":true,"href":"https:\/\/staging.nbg.eu\/sv\/wp-json\/wp\/v2\/product_cat?post=414652"},{"taxonomy":"product_tag","embeddable":true,"href":"https:\/\/staging.nbg.eu\/sv\/wp-json\/wp\/v2\/product_tag?post=414652"}],"curies":[{"name":"wp","href":"https:\/\/api.w.org\/{rel}","templated":true}]}}