{"id":414537,"date":"2025-07-03T12:10:08","date_gmt":"2025-07-03T09:10:08","guid":{"rendered":"https:\/\/staging.nbg.eu\/product\/grips-kmr-w-dotmatrix-ergo-black\/"},"modified":"2025-07-03T12:11:35","modified_gmt":"2025-07-03T09:11:35","slug":"grips-kmr-w-dotmatrix-ergo-svart","status":"publish","type":"product","link":"https:\/\/staging.nbg.eu\/sv\/produkt\/grips-kmr-w-dotmatrix-ergo-svart\/","title":{"rendered":"GRIPS KMR W DOTMATRIX ERGO SVART"},"content":{"rendered":"<div class=\"product-description\">\n<h2>GREPP KMR W DOTMATRIX ERGO SVART<\/h2>\n<p>Dessa grepp f\u00f6r KMR-pistol \u00e4r tillverkade av duralumin med ett golfbollsm\u00f6nster f\u00f6r b\u00e4ttre grepp. L\u00e4mpliga f\u00f6r uppgraderingar eller t\u00e4vlingsbyggen, dessa ergonomiska grepp f\u00f6rb\u00e4ttrar hanteringen. Kompatibla med modellerna KMR W-02 CUDA (till 2023), UMBRA och UMBRA (OR).<\/p>\n<p><strong>Referens:<\/strong> 0611-03305-0101<\/p>\n<p><strong>M\u00e4rke:<\/strong> KMR Precision Arms<\/p>\n<\/div>\n","protected":false},"excerpt":{"rendered":"<p>H\u00e5llbara grepp med golfbollsm\u00f6nster f\u00f6r KMR-pistoler.<\/p>\n","protected":false},"featured_media":359370,"template":"","meta":{"_acf_changed":false},"product_brand":[11511],"product_cat":[13005,13054],"product_tag":[],"class_list":{"0":"post-414537","1":"product","2":"type-product","3":"status-publish","4":"has-post-thumbnail","6":"product_brand-kmr-precision","7":"product_cat-kmr-delar","8":"product_cat-pistoldelar","10":"first","11":"instock","12":"taxable","13":"shipping-taxable","14":"purchasable","15":"product-type-simple"},"acf":[],"_links":{"self":[{"href":"https:\/\/staging.nbg.eu\/sv\/wp-json\/wp\/v2\/product\/414537","targetHints":{"allow":["GET"]}}],"collection":[{"href":"https:\/\/staging.nbg.eu\/sv\/wp-json\/wp\/v2\/product"}],"about":[{"href":"https:\/\/staging.nbg.eu\/sv\/wp-json\/wp\/v2\/types\/product"}],"wp:featuredmedia":[{"embeddable":true,"href":"https:\/\/staging.nbg.eu\/sv\/wp-json\/wp\/v2\/media\/359370"}],"wp:attachment":[{"href":"https:\/\/staging.nbg.eu\/sv\/wp-json\/wp\/v2\/media?parent=414537"}],"wp:term":[{"taxonomy":"product_brand","embeddable":true,"href":"https:\/\/staging.nbg.eu\/sv\/wp-json\/wp\/v2\/product_brand?post=414537"},{"taxonomy":"product_cat","embeddable":true,"href":"https:\/\/staging.nbg.eu\/sv\/wp-json\/wp\/v2\/product_cat?post=414537"},{"taxonomy":"product_tag","embeddable":true,"href":"https:\/\/staging.nbg.eu\/sv\/wp-json\/wp\/v2\/product_tag?post=414537"}],"curies":[{"name":"wp","href":"https:\/\/api.w.org\/{rel}","templated":true}]}}