{"id":411795,"date":"2025-05-14T22:52:01","date_gmt":"2025-05-14T19:52:01","guid":{"rendered":"https:\/\/staging.nbg.eu\/product\/grips-kmr-w-dotmatrix-ergo-red\/"},"modified":"2025-07-01T17:35:58","modified_gmt":"2025-07-01T14:35:58","slug":"grips-kmr-w-dotmatrix-ergo-roed","status":"publish","type":"product","link":"https:\/\/staging.nbg.eu\/sv\/produkt\/grips-kmr-w-dotmatrix-ergo-roed\/","title":{"rendered":"GRIPS KMR W DOTMATRIX ERGO R\u00d6D"},"content":{"rendered":"<div class=\"product-description\">\n<h2>GREPP KMR W DOTMATRIX ERGO R\u00d6D<\/h2>\n<p>Grepp f\u00f6r KMR-pistol tillverkade av duralumin med golfbollsm\u00f6nster f\u00f6r b\u00e4ttre grepp. Passar f\u00f6r t\u00e4vling eller uppgradering av befintliga vapen. Utformade f\u00f6r KMR W-02 CUDA (till 2023), UMBRA och UMBRA (OR) modeller.<\/p>\n<ul>\n<li>Referens: 0611-03305-0101<\/li>\n<li>M\u00e4rke: KMR Precision Arms<\/li>\n<li>Material: Duralumin<\/li>\n<\/ul>\n<\/div>\n","protected":false},"excerpt":{"rendered":"<p>H\u00e5llbara, ergonomiska grepp f\u00f6r KMR-pistoler. S\u00e4kert grepp.<\/p>\n","protected":false},"featured_media":359416,"template":"","meta":{"_acf_changed":false},"product_brand":[11511],"product_cat":[13005,13054],"product_tag":[],"class_list":{"0":"post-411795","1":"product","2":"type-product","3":"status-publish","4":"has-post-thumbnail","6":"product_brand-kmr-precision","7":"product_cat-kmr-delar","8":"product_cat-pistoldelar","10":"first","11":"outofstock","12":"taxable","13":"shipping-taxable","14":"purchasable","15":"product-type-simple"},"acf":[],"_links":{"self":[{"href":"https:\/\/staging.nbg.eu\/sv\/wp-json\/wp\/v2\/product\/411795","targetHints":{"allow":["GET"]}}],"collection":[{"href":"https:\/\/staging.nbg.eu\/sv\/wp-json\/wp\/v2\/product"}],"about":[{"href":"https:\/\/staging.nbg.eu\/sv\/wp-json\/wp\/v2\/types\/product"}],"wp:featuredmedia":[{"embeddable":true,"href":"https:\/\/staging.nbg.eu\/sv\/wp-json\/wp\/v2\/media\/359416"}],"wp:attachment":[{"href":"https:\/\/staging.nbg.eu\/sv\/wp-json\/wp\/v2\/media?parent=411795"}],"wp:term":[{"taxonomy":"product_brand","embeddable":true,"href":"https:\/\/staging.nbg.eu\/sv\/wp-json\/wp\/v2\/product_brand?post=411795"},{"taxonomy":"product_cat","embeddable":true,"href":"https:\/\/staging.nbg.eu\/sv\/wp-json\/wp\/v2\/product_cat?post=411795"},{"taxonomy":"product_tag","embeddable":true,"href":"https:\/\/staging.nbg.eu\/sv\/wp-json\/wp\/v2\/product_tag?post=411795"}],"curies":[{"name":"wp","href":"https:\/\/api.w.org\/{rel}","templated":true}]}}