{"id":411685,"date":"2025-07-01T17:26:33","date_gmt":"2025-07-01T14:26:33","guid":{"rendered":"https:\/\/staging.nbg.eu\/product\/grips-kmr-w-dotmatrix-ergo-silver\/"},"modified":"2025-07-01T17:27:57","modified_gmt":"2025-07-01T14:27:57","slug":"grepp-kmr-w-dotmatrix-ergo-silver","status":"publish","type":"product","link":"https:\/\/staging.nbg.eu\/sv\/produkt\/grepp-kmr-w-dotmatrix-ergo-silver\/","title":{"rendered":"GREPP KMR W DOTMATRIX ERGO SILVER"},"content":{"rendered":"<div class=\"product-description\">\n<h2>GREPP KMR W DOTMATRIX ERGO SILVER<\/h2>\n<p>Dessa grepp \u00e4r tillverkade av duralumin f\u00f6r KMR-pistoler. M\u00f6nstret ger ett s\u00e4kert grepp. L\u00e4mpliga f\u00f6r uppgraderingar eller t\u00e4vlingsbyggen.<\/p>\n<ul>\n<li>Referens: 0611-03305-0101<\/li>\n<li>M\u00e4rke: KMR Precision Arms<\/li>\n<li>Kompatibel med: KMR W-02 CUDA, UMBRA och UMBRA (OR) modeller<\/li>\n<\/ul>\n<\/div>\n","protected":false},"excerpt":{"rendered":"<p>Ergonomiska grepp i duralaluminium med golfbollsm\u00f6nster f\u00f6r KMR-pistoler. S\u00e4kert grepp i alla situationer.<\/p>\n","protected":false},"featured_media":359439,"template":"","meta":{"_acf_changed":false},"product_brand":[11511],"product_cat":[13005,13054],"product_tag":[],"class_list":{"0":"post-411685","1":"product","2":"type-product","3":"status-publish","4":"has-post-thumbnail","6":"product_brand-kmr-precision","7":"product_cat-kmr-delar","8":"product_cat-pistoldelar","10":"first","11":"instock","12":"taxable","13":"shipping-taxable","14":"purchasable","15":"product-type-simple"},"acf":[],"_links":{"self":[{"href":"https:\/\/staging.nbg.eu\/sv\/wp-json\/wp\/v2\/product\/411685","targetHints":{"allow":["GET"]}}],"collection":[{"href":"https:\/\/staging.nbg.eu\/sv\/wp-json\/wp\/v2\/product"}],"about":[{"href":"https:\/\/staging.nbg.eu\/sv\/wp-json\/wp\/v2\/types\/product"}],"wp:featuredmedia":[{"embeddable":true,"href":"https:\/\/staging.nbg.eu\/sv\/wp-json\/wp\/v2\/media\/359439"}],"wp:attachment":[{"href":"https:\/\/staging.nbg.eu\/sv\/wp-json\/wp\/v2\/media?parent=411685"}],"wp:term":[{"taxonomy":"product_brand","embeddable":true,"href":"https:\/\/staging.nbg.eu\/sv\/wp-json\/wp\/v2\/product_brand?post=411685"},{"taxonomy":"product_cat","embeddable":true,"href":"https:\/\/staging.nbg.eu\/sv\/wp-json\/wp\/v2\/product_cat?post=411685"},{"taxonomy":"product_tag","embeddable":true,"href":"https:\/\/staging.nbg.eu\/sv\/wp-json\/wp\/v2\/product_tag?post=411685"}],"curies":[{"name":"wp","href":"https:\/\/api.w.org\/{rel}","templated":true}]}}