{"id":411575,"date":"2025-07-01T17:19:20","date_gmt":"2025-07-01T14:19:20","guid":{"rendered":"https:\/\/staging.nbg.eu\/product\/grips-kmr-w-dotmatrix-silver\/"},"modified":"2025-07-01T17:20:43","modified_gmt":"2025-07-01T14:20:43","slug":"grepp-kmr-w-dotmatrix-silver","status":"publish","type":"product","link":"https:\/\/staging.nbg.eu\/sv\/produkt\/grepp-kmr-w-dotmatrix-silver\/","title":{"rendered":"GREPP KMR W DOTMATRIX SILVER"},"content":{"rendered":"<div class=\"product-description\">\n<h2>GREPP KMR W DOTMATRIX SILVER<\/h2>\n<p>Dessa grepp \u00e4r tillverkade av duralumin f\u00f6r KMR-pistoler. M\u00f6nstret ger ett s\u00e4kert grepp. Passar f\u00f6r uppgradering av befintliga vapen eller f\u00f6r t\u00e4vlingspistol. Kompatibel med KMR W-02 CUDA (till 2023), UMBRA och UMBRA (OR) modeller.<\/p>\n<ul>\n<li>Referens: 0611-03301-0102<\/li>\n<li>M\u00e4rke: KMR Precision Arms<\/li>\n<li>Material: Duralumin<\/li>\n<\/ul>\n<\/div>\n","protected":false},"excerpt":{"rendered":"<p>Texturerade duralumin-grepp f\u00f6r KMR-pistoler. Golfbollsm\u00f6nster s\u00e4kerst\u00e4ller ett s\u00e4kert grepp i alla situationer.<\/p>\n","protected":false},"featured_media":359462,"template":"","meta":{"_acf_changed":false},"product_brand":[11511],"product_cat":[13005,13054],"product_tag":[],"class_list":{"0":"post-411575","1":"product","2":"type-product","3":"status-publish","4":"has-post-thumbnail","6":"product_brand-kmr-precision","7":"product_cat-kmr-delar","8":"product_cat-pistoldelar","10":"first","11":"instock","12":"taxable","13":"shipping-taxable","14":"purchasable","15":"product-type-simple"},"acf":[],"_links":{"self":[{"href":"https:\/\/staging.nbg.eu\/sv\/wp-json\/wp\/v2\/product\/411575","targetHints":{"allow":["GET"]}}],"collection":[{"href":"https:\/\/staging.nbg.eu\/sv\/wp-json\/wp\/v2\/product"}],"about":[{"href":"https:\/\/staging.nbg.eu\/sv\/wp-json\/wp\/v2\/types\/product"}],"wp:featuredmedia":[{"embeddable":true,"href":"https:\/\/staging.nbg.eu\/sv\/wp-json\/wp\/v2\/media\/359462"}],"wp:attachment":[{"href":"https:\/\/staging.nbg.eu\/sv\/wp-json\/wp\/v2\/media?parent=411575"}],"wp:term":[{"taxonomy":"product_brand","embeddable":true,"href":"https:\/\/staging.nbg.eu\/sv\/wp-json\/wp\/v2\/product_brand?post=411575"},{"taxonomy":"product_cat","embeddable":true,"href":"https:\/\/staging.nbg.eu\/sv\/wp-json\/wp\/v2\/product_cat?post=411575"},{"taxonomy":"product_tag","embeddable":true,"href":"https:\/\/staging.nbg.eu\/sv\/wp-json\/wp\/v2\/product_tag?post=411575"}],"curies":[{"name":"wp","href":"https:\/\/api.w.org\/{rel}","templated":true}]}}