{"id":411467,"date":"2025-07-01T17:11:31","date_gmt":"2025-07-01T14:11:31","guid":{"rendered":"https:\/\/staging.nbg.eu\/product\/grips-kmr-w-modular-sandpaper-black\/"},"modified":"2025-07-01T17:12:56","modified_gmt":"2025-07-01T14:12:56","slug":"grepp-kmr-w-modular-sandpapper-svart","status":"publish","type":"product","link":"https:\/\/staging.nbg.eu\/sv\/produkt\/grepp-kmr-w-modular-sandpapper-svart\/","title":{"rendered":"GREPP KMR W MODULAR SANDPAPPER SVART"},"content":{"rendered":"<h2>GRIPS KMR W MODUL\u00c4RT SANDPAPPER SVART<\/h2>\n<p>KMR W Modul\u00e4rt Sandpapper Svart \u00e4r ett l\u00e5ngt grepp f\u00f6r skjutvapen gjort av anodiserad duralumin. Det har ingen magasinguide. Greppet har en modul\u00e4r design med KMR-logotyp. Det installeras med medf\u00f6ljande torxskruvar.<\/p>\n<ul>\n<li>Storlek: L\u00e5ng<\/li>\n<li>Material: Anodiserad duralumin<\/li>\n<li>Anv\u00e4ndning: Utan magasinguide<\/li>\n<li>Inkluderar: Torxskruvar<\/li>\n<li>Logotyp: KMR<\/li>\n<\/ul>\n<p><strong>Referens:<\/strong> 0611-03304-0101<\/p>\n","protected":false},"excerpt":{"rendered":"<p>L\u00e5ngt, h\u00e5llbart anodiserat duraluminiumgrepp.<\/p>\n","protected":false},"featured_media":359283,"template":"","meta":{"_acf_changed":false},"product_brand":[11511],"product_cat":[13005,13054],"product_tag":[],"class_list":{"0":"post-411467","1":"product","2":"type-product","3":"status-publish","4":"has-post-thumbnail","6":"product_brand-kmr-precision","7":"product_cat-kmr-delar","8":"product_cat-pistoldelar","10":"first","11":"instock","12":"taxable","13":"shipping-taxable","14":"purchasable","15":"product-type-simple"},"acf":[],"_links":{"self":[{"href":"https:\/\/staging.nbg.eu\/sv\/wp-json\/wp\/v2\/product\/411467","targetHints":{"allow":["GET"]}}],"collection":[{"href":"https:\/\/staging.nbg.eu\/sv\/wp-json\/wp\/v2\/product"}],"about":[{"href":"https:\/\/staging.nbg.eu\/sv\/wp-json\/wp\/v2\/types\/product"}],"wp:featuredmedia":[{"embeddable":true,"href":"https:\/\/staging.nbg.eu\/sv\/wp-json\/wp\/v2\/media\/359283"}],"wp:attachment":[{"href":"https:\/\/staging.nbg.eu\/sv\/wp-json\/wp\/v2\/media?parent=411467"}],"wp:term":[{"taxonomy":"product_brand","embeddable":true,"href":"https:\/\/staging.nbg.eu\/sv\/wp-json\/wp\/v2\/product_brand?post=411467"},{"taxonomy":"product_cat","embeddable":true,"href":"https:\/\/staging.nbg.eu\/sv\/wp-json\/wp\/v2\/product_cat?post=411467"},{"taxonomy":"product_tag","embeddable":true,"href":"https:\/\/staging.nbg.eu\/sv\/wp-json\/wp\/v2\/product_tag?post=411467"}],"curies":[{"name":"wp","href":"https:\/\/api.w.org\/{rel}","templated":true}]}}