{"id":411358,"date":"2025-07-01T17:02:24","date_gmt":"2025-07-01T14:02:24","guid":{"rendered":"https:\/\/staging.nbg.eu\/product\/grips-kmr-w-modular-sandpaper-titan\/"},"modified":"2025-07-01T17:03:48","modified_gmt":"2025-07-01T14:03:48","slug":"grepp-kmr-w-modular-sandpapper-titan","status":"publish","type":"product","link":"https:\/\/staging.nbg.eu\/sv\/produkt\/grepp-kmr-w-modular-sandpapper-titan\/","title":{"rendered":"GREPP KMR W MODULAR SANDPAPPER TITAN"},"content":{"rendered":"<h2>GRIPS KMR W MODULAR SANDPAPPER TITAN<\/h2>\n<p>F\u00f6rb\u00e4ttra greppet p\u00e5 ditt skjutvapen med GRIPS KMR W MODULAR SANDPAPPER TITAN. Detta l\u00e5nga grepp \u00e4r tillverkat av anodiserad duralumin f\u00f6r h\u00e5llbarhet. Det \u00e4r utformat f\u00f6r anv\u00e4ndning utan magasinguide och erbjuder ett anpassningsbart grepp. F\u00f6rpackningen inneh\u00e5ller torxskruvar f\u00f6r installation. Greppet har KMR-logotypen.<\/p>\n<p><strong>Referens:<\/strong> 0611-03304-0101<\/p>\n","protected":false},"excerpt":{"rendered":"<p>L\u00e5ngt, h\u00e5llbart KMR-grepp. Anodiserad duralumin.<\/p>\n","protected":false},"featured_media":359307,"template":"","meta":{"_acf_changed":false},"product_brand":[11511],"product_cat":[13005,13054],"product_tag":[],"class_list":{"0":"post-411358","1":"product","2":"type-product","3":"status-publish","4":"has-post-thumbnail","6":"product_brand-kmr-precision","7":"product_cat-kmr-delar","8":"product_cat-pistoldelar","10":"first","11":"instock","12":"taxable","13":"shipping-taxable","14":"purchasable","15":"product-type-simple"},"acf":[],"_links":{"self":[{"href":"https:\/\/staging.nbg.eu\/sv\/wp-json\/wp\/v2\/product\/411358","targetHints":{"allow":["GET"]}}],"collection":[{"href":"https:\/\/staging.nbg.eu\/sv\/wp-json\/wp\/v2\/product"}],"about":[{"href":"https:\/\/staging.nbg.eu\/sv\/wp-json\/wp\/v2\/types\/product"}],"wp:featuredmedia":[{"embeddable":true,"href":"https:\/\/staging.nbg.eu\/sv\/wp-json\/wp\/v2\/media\/359307"}],"wp:attachment":[{"href":"https:\/\/staging.nbg.eu\/sv\/wp-json\/wp\/v2\/media?parent=411358"}],"wp:term":[{"taxonomy":"product_brand","embeddable":true,"href":"https:\/\/staging.nbg.eu\/sv\/wp-json\/wp\/v2\/product_brand?post=411358"},{"taxonomy":"product_cat","embeddable":true,"href":"https:\/\/staging.nbg.eu\/sv\/wp-json\/wp\/v2\/product_cat?post=411358"},{"taxonomy":"product_tag","embeddable":true,"href":"https:\/\/staging.nbg.eu\/sv\/wp-json\/wp\/v2\/product_tag?post=411358"}],"curies":[{"name":"wp","href":"https:\/\/api.w.org\/{rel}","templated":true}]}}