{"id":411086,"date":"2025-07-01T16:47:56","date_gmt":"2025-07-01T13:47:56","guid":{"rendered":"https:\/\/staging.nbg.eu\/product\/surefire-ep7-bk-mpr-bulk-ear-plugs\/"},"modified":"2025-07-01T16:49:23","modified_gmt":"2025-07-01T13:49:23","slug":"surefire-ep7-bk-mpr-bulk-oeronproppar","status":"publish","type":"product","link":"https:\/\/staging.nbg.eu\/sv\/produkt\/surefire-ep7-bk-mpr-bulk-oeronproppar\/","title":{"rendered":"Surefire EP7-BK-MPR-BULK \u00d6ronproppar"},"content":{"rendered":"<div class=\"product-description\">\n<h2>Surefire EP7-BK-MPR-BULK \u00d6ronproppar<\/h2>\n<h2>H\u00f6rselskydd<\/h2>\n<p>Surefire EP7 Sonic Defenders Ultra \u00f6ronproppar erbjuder h\u00f6rselskydd utan att kompromissa med f\u00f6rm\u00e5gan att h\u00f6ra viktiga ljud. Med en bullerd\u00e4mpning p\u00e5 28 dB skyddar dessa \u00f6ronproppar mot h\u00f6rselskador orsakade av buller.<\/p>\n<h3>Egenskaper:<\/h3>\n<ul>\n<li>Design med skumtoppar och mjuka Comply\u2122 Canal Tips<\/li>\n<li>28 dB bullerd\u00e4mpning med filterlock insatta<\/li>\n<li>Till\u00e5ter s\u00e4kra ljudniv\u00e5er att passera medan skadliga ljud \u00f6ver 85 dB reduceras<\/li>\n<li>EarLock\u00ae f\u00e4stringar med sju kontaktpunkter f\u00f6r s\u00e4ker passform<\/li>\n<li>Tillverkad av hypoallergen, medicinsk polymer f\u00f6r komfort och h\u00e5llbarhet<\/li>\n<li>L\u00e5gprofildesign kompatibel med masker, hj\u00e4lmar och h\u00f6rlurar<\/li>\n<li>Avtagbara filterlock f\u00f6r ytterligare skydd i h\u00f6gljudda milj\u00f6er<\/li>\n<li>Kompatibel med olika radiokommunikationssystem<\/li>\n<\/ul>\n<h3>Ytterligare information:<\/h3>\n<ul>\n<li>Tillg\u00e4nglig i transparent, svart eller orange<\/li>\n<li>Inkluderar 66 cm polymersn\u00f6re och extra par Comply\u2122 Canal tips<\/li>\n<li>Storlekar: Small (S), Medium (M) och Large (L)<\/li>\n<li>F\u00f6rs\u00e4kran om \u00f6verensst\u00e4mmelse finns p\u00e5 surefire.com\/doc-ep7<\/li>\n<\/ul>\n<p>Skydda din h\u00f6rsel utan att offra situationsmedvetenhet. Surefire EP7 Sonic Defenders Ultra \u00f6ronproppar \u00e4r en l\u00f6sning f\u00f6r b\u00e5de professionellt och fritidsbruk, som erbjuder komfort, m\u00e5ngsidighet och h\u00f6rselskydd.<\/p>\n<\/div>\n","protected":false},"excerpt":{"rendered":"<p>Skyddande \u00f6ronproppar med 28dB NRR. Sl\u00e4pper igenom s\u00e4kra ljud. Bekv\u00e4ma skumtoppar.<\/p>\n","protected":false},"featured_media":399778,"template":"","meta":{"_acf_changed":false},"product_brand":[11880],"product_cat":[13015,13020],"product_tag":[],"class_list":{"0":"post-411086","1":"product","2":"type-product","3":"status-publish","4":"has-post-thumbnail","6":"product_brand-surefire","7":"product_cat-hoerselskydd","8":"product_cat-utrustning","10":"first","11":"instock","12":"taxable","13":"shipping-taxable","14":"purchasable","15":"product-type-simple"},"acf":[],"_links":{"self":[{"href":"https:\/\/staging.nbg.eu\/sv\/wp-json\/wp\/v2\/product\/411086","targetHints":{"allow":["GET"]}}],"collection":[{"href":"https:\/\/staging.nbg.eu\/sv\/wp-json\/wp\/v2\/product"}],"about":[{"href":"https:\/\/staging.nbg.eu\/sv\/wp-json\/wp\/v2\/types\/product"}],"wp:featuredmedia":[{"embeddable":true,"href":"https:\/\/staging.nbg.eu\/sv\/wp-json\/wp\/v2\/media\/399778"}],"wp:attachment":[{"href":"https:\/\/staging.nbg.eu\/sv\/wp-json\/wp\/v2\/media?parent=411086"}],"wp:term":[{"taxonomy":"product_brand","embeddable":true,"href":"https:\/\/staging.nbg.eu\/sv\/wp-json\/wp\/v2\/product_brand?post=411086"},{"taxonomy":"product_cat","embeddable":true,"href":"https:\/\/staging.nbg.eu\/sv\/wp-json\/wp\/v2\/product_cat?post=411086"},{"taxonomy":"product_tag","embeddable":true,"href":"https:\/\/staging.nbg.eu\/sv\/wp-json\/wp\/v2\/product_tag?post=411086"}],"curies":[{"name":"wp","href":"https:\/\/api.w.org\/{rel}","templated":true}]}}