{"id":410775,"date":"2025-07-01T16:32:14","date_gmt":"2025-07-01T13:32:14","guid":{"rendered":"https:\/\/staging.nbg.eu\/product\/surefire-csm-09-push-button-switch\/"},"modified":"2025-07-01T16:33:41","modified_gmt":"2025-07-01T13:33:41","slug":"surefire-csm-09-tryckknapp","status":"publish","type":"product","link":"https:\/\/staging.nbg.eu\/sv\/produkt\/surefire-csm-09-tryckknapp\/","title":{"rendered":"Surefire CSM-09 Tryckknapp"},"content":{"rendered":"<div class=\"product-description\">\n<h2>Surefire CSM-09 Tryckknappstr\u00f6mbrytare<\/h2>\n<h2>Fj\u00e4rrstyrning. Spara utrymme.<\/h2>\n<p>CSM-09 Tryckknappstr\u00f6mbrytare \u00e4r en l\u00f6sning f\u00f6r att fj\u00e4rraktivera din SureFire Vapenlampa samtidigt som du maximerar r\u00e4ls-utrymmet p\u00e5 ditt vapen. Denna kompakta str\u00f6mbrytare erbjuder b\u00e5de tillf\u00e4llig och konstant aktivering fr\u00e5n en enda kontroll.<\/p>\n<h3>Huvudfunktioner:<\/h3>\n<ul>\n<li>Fj\u00e4rraktivering f\u00f6r SureFire Vapenlampor med brytaruttag<\/li>\n<li>Kompakt design f\u00f6r effektiv anv\u00e4ndning av r\u00e4lsutrymme<\/li>\n<li>Enkel fasts\u00e4ttning p\u00e5 M-LOK-skenor<\/li>\n<li>V\u00e4dert\u00e5lig konstruktion f\u00f6r p\u00e5litlighet i alla f\u00f6rh\u00e5llanden<\/li>\n<li>9-tums kabel l\u00e4mplig f\u00f6r de flesta gev\u00e4r\/karbinapplikationer<\/li>\n<\/ul>\n<h3>M\u00e5ngsidig Kompatibilitet:<\/h3>\n<p>CSM-09 \u00e4r kompatibel med ett brett utbud av SureFire Vapenlampor, inklusive:<\/p>\n<ul>\n<li>Millennium Universal<\/li>\n<li>Classic Universal<\/li>\n<li>Scout Light (med sockelmonterad bakre k\u00e5pa)<\/li>\n<li>X300<\/li>\n<li>X400 (med XT bakre k\u00e5pa)<\/li>\n<\/ul>\n<h3>Intuitiv Anv\u00e4ndning:<\/h3>\n<p>Aktivera din Vapenlampa enkelt:<\/p>\n<ul>\n<li>L\u00e4tt tryck f\u00f6r tillf\u00e4llig aktivering<\/li>\n<li>Klicka igenom f\u00f6r konstant l\u00e4ge<\/li>\n<\/ul>\n<p>CSM-09 Tryckknappstr\u00f6mbrytare s\u00e4kerst\u00e4ller att din Vapenlampa \u00e4r redo n\u00e4r du beh\u00f6ver den. Den \u00e4r h\u00e5llbar och exakt f\u00f6r alla dina taktiska belysningsbehov.<\/p>\n<\/div>\n","protected":false},"excerpt":{"rendered":"<p>Kompakt M-LOK fj\u00e4rrstr\u00f6mbrytare f\u00f6r SureFire vapenlampor. Momentan &amp; konstant p\u00e5.<\/p>\n","protected":false},"featured_media":399903,"template":"","meta":{"_acf_changed":false},"product_brand":[11880],"product_cat":[13044,13068],"product_tag":[],"class_list":{"0":"post-410775","1":"product","2":"type-product","3":"status-publish","4":"has-post-thumbnail","6":"product_brand-surefire","7":"product_cat-lampor","8":"product_cat-lampstillbehoer","10":"first","11":"instock","12":"taxable","13":"shipping-taxable","14":"purchasable","15":"product-type-simple"},"acf":[],"_links":{"self":[{"href":"https:\/\/staging.nbg.eu\/sv\/wp-json\/wp\/v2\/product\/410775","targetHints":{"allow":["GET"]}}],"collection":[{"href":"https:\/\/staging.nbg.eu\/sv\/wp-json\/wp\/v2\/product"}],"about":[{"href":"https:\/\/staging.nbg.eu\/sv\/wp-json\/wp\/v2\/types\/product"}],"wp:featuredmedia":[{"embeddable":true,"href":"https:\/\/staging.nbg.eu\/sv\/wp-json\/wp\/v2\/media\/399903"}],"wp:attachment":[{"href":"https:\/\/staging.nbg.eu\/sv\/wp-json\/wp\/v2\/media?parent=410775"}],"wp:term":[{"taxonomy":"product_brand","embeddable":true,"href":"https:\/\/staging.nbg.eu\/sv\/wp-json\/wp\/v2\/product_brand?post=410775"},{"taxonomy":"product_cat","embeddable":true,"href":"https:\/\/staging.nbg.eu\/sv\/wp-json\/wp\/v2\/product_cat?post=410775"},{"taxonomy":"product_tag","embeddable":true,"href":"https:\/\/staging.nbg.eu\/sv\/wp-json\/wp\/v2\/product_tag?post=410775"}],"curies":[{"name":"wp","href":"https:\/\/api.w.org\/{rel}","templated":true}]}}