{"id":410473,"date":"2025-05-09T10:48:01","date_gmt":"2025-05-09T07:48:01","guid":{"rendered":"https:\/\/staging.nbg.eu\/product\/surefire-csp-07-push-button-switch\/"},"modified":"2025-07-01T16:10:27","modified_gmt":"2025-07-01T13:10:27","slug":"surefire-csp-07-tryckknapp","status":"publish","type":"product","link":"https:\/\/staging.nbg.eu\/sv\/produkt\/surefire-csp-07-tryckknapp\/","title":{"rendered":"Surefire CSP-07 Tryckknapp"},"content":{"rendered":"<div class=\"product-description\">\n<h2>Surefire CSP-07 Tryckknappstr\u00f6mbrytare<\/h2>\n<h2>Fj\u00e4rrstyrning. Spara utrymme.<\/h2>\n<p>CSP-07 Tryckknappstr\u00f6mbrytare \u00e4r en l\u00f6sning f\u00f6r fj\u00e4rraktivering av din SureFire VapenLampa samtidigt som den sparar utrymme p\u00e5 ditt vapen. Denna str\u00f6mbrytare erbjuder b\u00e5de momentan och konstant belysning fr\u00e5n en enda kontroll.<\/p>\n<h3>Huvudfunktioner:<\/h3>\n<ul>\n<li>Fj\u00e4rraktivering f\u00f6r SureFire VapenLampor med kontaktuttag<\/li>\n<li>Kompakt design f\u00f6r effektiv anv\u00e4ndning av skenutrymme<\/li>\n<li>Momentan belysning med l\u00e4tt tryck, konstant belysning med fullt klick<\/li>\n<li>H\u00f6lje i polymer<\/li>\n<li>Enkel montering p\u00e5 Picatinny-skenor<\/li>\n<li>18 cm kabel l\u00e4mplig f\u00f6r de flesta gev\u00e4r\/karbinapplikationer<\/li>\n<li>V\u00e4dert\u00e5lig str\u00f6mbrytare och kontakt<\/li>\n<\/ul>\n<h3>Kompatibilitet:<\/h3>\n<p>CSP-07 \u00e4r kompatibel med SureFire VapenLampor med kontaktuttag, inklusive:<\/p>\n<ul>\n<li>Millennium Universal<\/li>\n<li>Classic Universal<\/li>\n<li>Scout Light (med socklade bakstycken)<\/li>\n<li>X300<\/li>\n<li>X400 (med XT bakstycke)<\/li>\n<\/ul>\n<h3>Varf\u00f6r v\u00e4lja CSP-07?<\/h3>\n<p>CSP-07 s\u00e4kerst\u00e4ller att din VapenLampa \u00e4r redo n\u00e4r du beh\u00f6ver den. Dess utrymmesbesparande design och verktygsfria installation g\u00f6r den l\u00e4mplig f\u00f6r taktiska yrkespersoner och entusiaster. CSP-07 ger omedelbar belysning i alla situationer.<\/p>\n<\/div>\n","protected":false},"excerpt":{"rendered":"<p>Fj\u00e4rraktivering av vapenlampa. Kompakt design. Tillf\u00e4lliga och konstanta belysningsl\u00e4gen.<\/p>\n","protected":false},"featured_media":399950,"template":"","meta":{"_acf_changed":false},"product_brand":[11880],"product_cat":[13044,13068],"product_tag":[],"class_list":{"0":"post-410473","1":"product","2":"type-product","3":"status-publish","4":"has-post-thumbnail","6":"product_brand-surefire","7":"product_cat-lampor","8":"product_cat-lampstillbehoer","10":"first","11":"instock","12":"taxable","13":"shipping-taxable","14":"purchasable","15":"product-type-simple"},"acf":[],"_links":{"self":[{"href":"https:\/\/staging.nbg.eu\/sv\/wp-json\/wp\/v2\/product\/410473","targetHints":{"allow":["GET"]}}],"collection":[{"href":"https:\/\/staging.nbg.eu\/sv\/wp-json\/wp\/v2\/product"}],"about":[{"href":"https:\/\/staging.nbg.eu\/sv\/wp-json\/wp\/v2\/types\/product"}],"wp:featuredmedia":[{"embeddable":true,"href":"https:\/\/staging.nbg.eu\/sv\/wp-json\/wp\/v2\/media\/399950"}],"wp:attachment":[{"href":"https:\/\/staging.nbg.eu\/sv\/wp-json\/wp\/v2\/media?parent=410473"}],"wp:term":[{"taxonomy":"product_brand","embeddable":true,"href":"https:\/\/staging.nbg.eu\/sv\/wp-json\/wp\/v2\/product_brand?post=410473"},{"taxonomy":"product_cat","embeddable":true,"href":"https:\/\/staging.nbg.eu\/sv\/wp-json\/wp\/v2\/product_cat?post=410473"},{"taxonomy":"product_tag","embeddable":true,"href":"https:\/\/staging.nbg.eu\/sv\/wp-json\/wp\/v2\/product_tag?post=410473"}],"curies":[{"name":"wp","href":"https:\/\/api.w.org\/{rel}","templated":true}]}}