{"id":409706,"date":"2025-07-01T13:42:18","date_gmt":"2025-07-01T10:42:18","guid":{"rendered":"https:\/\/staging.nbg.eu\/product\/surefire-m340v-tn-pro-scout-light-pro\/"},"modified":"2025-07-01T13:43:45","modified_gmt":"2025-07-01T10:43:45","slug":"surefire-m340v-tn-pro-scout-light-pro","status":"publish","type":"product","link":"https:\/\/staging.nbg.eu\/sv\/produkt\/surefire-m340v-tn-pro-scout-light-pro\/","title":{"rendered":"Surefire M340V-TN-PRO Scout Light Pro"},"content":{"rendered":"<h2>Surefire M340V-TN-PRO Scout Light Pro<\/h2>\n<h2>F\u00f6r anv\u00e4ndning i m\u00f6rker<\/h2>\n<p>Mini Infrar\u00f6d Scout Light\u00ae Pro \u00e4r en 3-volts vapenlampa designad f\u00f6r anv\u00e4ndning i alla ljusf\u00f6rh\u00e5llanden. Denna belysningsprodukt erbjuder:<\/p>\n<ul>\n<li>250 lumen vitt ljus<\/li>\n<li>100 mW osynlig infrar\u00f6d belysning f\u00f6r m\u00f6rkerseendeutrustning<\/li>\n<li>Inga IR-filter eller reservlampor beh\u00f6vs<\/li>\n<li>SureFires nya l\u00e5gprofilmontering (LPM) f\u00f6r \u00f6kad m\u00e5ngsidighet<\/li>\n<li>Enkel v\u00e4xling mellan vitt ljus, avst\u00e4ngd och infrar\u00f6da l\u00e4gen<\/li>\n<li>TIR-lins f\u00f6r en koncentrerad str\u00e5le l\u00e4mplig f\u00f6r kort till medell\u00e5ng r\u00e4ckvidd<\/li>\n<\/ul>\n<h3>Robust konstruktion<\/h3>\n<p>M340V-TN-PRO \u00e4r byggd f\u00f6r att motst\u00e5 h\u00e5rda f\u00f6rh\u00e5llanden och har:<\/p>\n<ul>\n<li>H\u00f6gh\u00e5llfast aluminiumkropp f\u00f6r flygindustrin<\/li>\n<li>Milit\u00e4rspecificerad h\u00e5rd anodisering f\u00f6r h\u00e5llbarhet och korrosionsbest\u00e4ndighet<\/li>\n<li>Mycket t\u00e5liga IR- och vita LED-lampor<\/li>\n<li>IPX7 vattent\u00e4thetsklass<\/li>\n<\/ul>\n<h3>Viktiga specifikationer<\/h3>\n<ul>\n<li>Effekt: 250 lumen (vitt) \/ 100 mW (IR)<\/li>\n<li>Drifttid: 1,5 timmar (vitt) \/ 6,0 timmar (IR)<\/li>\n<li>Maximal str\u00e5lintensitet: 9 300 candela<\/li>\n<li>Str\u00e5lr\u00e4ckvidd: 190 meter<\/li>\n<li>L\u00e4ngd: 4,1 tum (10,4 cm)<\/li>\n<li>Vikt: 3,4 oz (96,4 g) med batteri<\/li>\n<li>Str\u00f6mf\u00f6rs\u00f6rjning: Ett 123A litiumbatteri (ing\u00e5r)<\/li>\n<\/ul>\n<p>Surefire M340V-TN-PRO Scout Light Pro \u00e4r en m\u00e5ngsidig lampa f\u00f6r taktiska situationer i svagt ljus.<\/p>\n","protected":false},"excerpt":{"rendered":"<p>M\u00e5ngsidig taktisk lampa med 250 lumen vitt ljus\/100mW IR, robust design, monteras p\u00e5 skena.<\/p>\n","protected":false},"featured_media":400329,"template":"","meta":{"_acf_changed":false},"product_brand":[11880],"product_cat":[13004,13044],"product_tag":[],"class_list":{"0":"post-409706","1":"product","2":"type-product","3":"status-publish","4":"has-post-thumbnail","6":"product_brand-surefire","7":"product_cat-gevaerslyktor","8":"product_cat-lampor","10":"first","11":"instock","12":"taxable","13":"shipping-taxable","14":"purchasable","15":"product-type-simple"},"acf":[],"_links":{"self":[{"href":"https:\/\/staging.nbg.eu\/sv\/wp-json\/wp\/v2\/product\/409706","targetHints":{"allow":["GET"]}}],"collection":[{"href":"https:\/\/staging.nbg.eu\/sv\/wp-json\/wp\/v2\/product"}],"about":[{"href":"https:\/\/staging.nbg.eu\/sv\/wp-json\/wp\/v2\/types\/product"}],"wp:featuredmedia":[{"embeddable":true,"href":"https:\/\/staging.nbg.eu\/sv\/wp-json\/wp\/v2\/media\/400329"}],"wp:attachment":[{"href":"https:\/\/staging.nbg.eu\/sv\/wp-json\/wp\/v2\/media?parent=409706"}],"wp:term":[{"taxonomy":"product_brand","embeddable":true,"href":"https:\/\/staging.nbg.eu\/sv\/wp-json\/wp\/v2\/product_brand?post=409706"},{"taxonomy":"product_cat","embeddable":true,"href":"https:\/\/staging.nbg.eu\/sv\/wp-json\/wp\/v2\/product_cat?post=409706"},{"taxonomy":"product_tag","embeddable":true,"href":"https:\/\/staging.nbg.eu\/sv\/wp-json\/wp\/v2\/product_tag?post=409706"}],"curies":[{"name":"wp","href":"https:\/\/api.w.org\/{rel}","templated":true}]}}