{"id":408162,"date":"2025-07-01T12:03:32","date_gmt":"2025-07-01T09:03:32","guid":{"rendered":"https:\/\/staging.nbg.eu\/product\/surefire-m640df-bk-pro-scout-light-pro-black\/"},"modified":"2025-07-01T12:05:14","modified_gmt":"2025-07-01T09:05:14","slug":"surefire-m640df-bk-pro-scout-light-pro-svart","status":"publish","type":"product","link":"https:\/\/staging.nbg.eu\/sv\/produkt\/surefire-m640df-bk-pro-scout-light-pro-svart\/","title":{"rendered":"Surefire M640DF-BK-PRO Scout Light Pro, Svart"},"content":{"rendered":"<div class=\"product-description\">\n<h2>Surefire M640DF-BK-PRO Scout Light Pro, Svart<\/h2>\n<p>Dual Fuel Scout Light\u00ae Pro \u00e4r en vapenmonterad lampa som kombinerar bepr\u00f6vade element med ny teknologi. Detta belysningsverktyg \u00e4r utformat f\u00f6r taktiska situationer, dag och natt.<\/p>\n<h2>Huvudfunktioner:<\/h2>\n<ul>\n<li>Ger upp till 1 500 lumen vitt ljus<\/li>\n<li>Dual Fuel-kapacitet: Anv\u00e4nder antingen SF18650B laddningsbart eller tv\u00e5 123A litiumbatterier<\/li>\n<li>L\u00e5gprofilsf\u00e4ste (LPM) f\u00f6r optimal positionering<\/li>\n<li>Hybridljusm\u00f6nster f\u00f6r l\u00e5ngdistansidentifiering och situationsmedvetenhet<\/li>\n<li>LED med h\u00f6g prestanda<\/li>\n<li>Mil-Spec h\u00e5rdanodiserad aluminiumkonstruktion f\u00f6r h\u00e5llbarhet<\/li>\n<\/ul>\n<h2>M\u00e5ngsidighet och prestanda:<\/h2>\n<p>M640DF-BK-PRO har SureFires nya l\u00e5gprofilsf\u00e4ste (LPM), vilket m\u00f6jligg\u00f6r flexibel positionering. Kompatibel med b\u00e5de MIL-STD-1913 och M-LOK-skenor. LED:n ger 1 500 lumen med SF18650B-batteri eller 1 200 lumen med 123A-batterier, och ger en balans mellan r\u00e4ckvidd och omgivande ljus genom sin TIR-lins.<\/p>\n<h2>Konstruerad f\u00f6r tuffa f\u00f6rh\u00e5llanden:<\/h2>\n<p>Tillverkad av l\u00e4tt flygindustrialuminium med Mil-Spec h\u00e5rdanodiserad yta. O-ringst\u00e4tningar ger IPX7-vattent\u00e5lighet. Det h\u00e4rdade f\u00f6nstret och robusta konstruktionen g\u00f6r den motst\u00e5ndskraftig.<\/p>\n<h2>Taktiska egenskaper:<\/h2>\n<p>Med en toppljusintensitet p\u00e5 16 000 candela och en ljusr\u00e4ckvidd p\u00e5 upp till 250 meter. Z68-knappen med momentan\/konstant funktion, skyddad av en taktisk k\u00e5pa, ger p\u00e5litlig aktivering.<\/p>\n<h2>Tekniska specifikationer:<\/h2>\n<ul>\n<li>L\u00e4ngd: 14,1 cm<\/li>\n<li>Vikt med batterier: 156 g<\/li>\n<li>Frontdiameter: 2,9 cm<\/li>\n<li>Effekt: H\u00f6g &#8211; 1 500 lumen (SF18650B) \/ 1 200 lumen (123A)<\/li>\n<li>Drifttid: 1,5 timmar (SF18650B) \/ 1,25 timmar (123A)<\/li>\n<\/ul>\n<p>Surefire M640DF-BK-PRO Scout Light Pro \u00e4r en vapenmonterad lampa f\u00f6r anv\u00e4ndning i olika milj\u00f6er.<\/p>\n<\/div>\n","protected":false},"excerpt":{"rendered":"<p>Kraftfull 1 500 lumens taktisk lampa med m\u00e5ngsidig f\u00e4stanordning f\u00f6r anv\u00e4ndning p\u00e5 n\u00e4ra till l\u00e5ngt h\u00e5ll.<\/p>\n","protected":false},"featured_media":400352,"template":"","meta":{"_acf_changed":false},"product_brand":[11880],"product_cat":[13004,13044],"product_tag":[],"class_list":{"0":"post-408162","1":"product","2":"type-product","3":"status-publish","4":"has-post-thumbnail","6":"product_brand-surefire","7":"product_cat-gevaerslyktor","8":"product_cat-lampor","10":"first","11":"instock","12":"taxable","13":"shipping-taxable","14":"purchasable","15":"product-type-variable","16":"wvs-archive-product-wrapper"},"acf":[],"_links":{"self":[{"href":"https:\/\/staging.nbg.eu\/sv\/wp-json\/wp\/v2\/product\/408162","targetHints":{"allow":["GET"]}}],"collection":[{"href":"https:\/\/staging.nbg.eu\/sv\/wp-json\/wp\/v2\/product"}],"about":[{"href":"https:\/\/staging.nbg.eu\/sv\/wp-json\/wp\/v2\/types\/product"}],"wp:featuredmedia":[{"embeddable":true,"href":"https:\/\/staging.nbg.eu\/sv\/wp-json\/wp\/v2\/media\/400352"}],"wp:attachment":[{"href":"https:\/\/staging.nbg.eu\/sv\/wp-json\/wp\/v2\/media?parent=408162"}],"wp:term":[{"taxonomy":"product_brand","embeddable":true,"href":"https:\/\/staging.nbg.eu\/sv\/wp-json\/wp\/v2\/product_brand?post=408162"},{"taxonomy":"product_cat","embeddable":true,"href":"https:\/\/staging.nbg.eu\/sv\/wp-json\/wp\/v2\/product_cat?post=408162"},{"taxonomy":"product_tag","embeddable":true,"href":"https:\/\/staging.nbg.eu\/sv\/wp-json\/wp\/v2\/product_tag?post=408162"}],"curies":[{"name":"wp","href":"https:\/\/api.w.org\/{rel}","templated":true}]}}