{"id":405887,"date":"2025-06-30T21:20:47","date_gmt":"2025-06-30T18:20:47","guid":{"rendered":"https:\/\/staging.nbg.eu\/product\/surefire-scout-infrared-light-m640v-pro-tan\/"},"modified":"2025-06-30T21:21:58","modified_gmt":"2025-06-30T18:21:58","slug":"surefire-scout-infraroed-lampa-m640v-pro-tan","status":"publish","type":"product","link":"https:\/\/staging.nbg.eu\/sv\/produkt\/surefire-scout-infraroed-lampa-m640v-pro-tan\/","title":{"rendered":"SureFire Scout Infrar\u00f6d Lampa &#8211; M640V PRO &#8211; Tan"},"content":{"rendered":"<h2>SureFire Scout Infrar\u00f6d Lampa &#8211; M640V PRO &#8211; Tan<\/h2>\n<p>M640V PRO Scout Infrar\u00f6d Lampa har f\u00f6ljande egenskaper:<\/p>\n<ul>\n<li>350 lumen vitt ljus och 120 mW IR-effekt<\/li>\n<li>Ny l\u00e5gprofilmontering f\u00f6r optimal placering p\u00e5 MIL-STD-1913 eller M-LOK-skenor<\/li>\n<li>Egen TIR-lins f\u00f6r l\u00e5ngtg\u00e5ende str\u00e5le med omgivande ljus<\/li>\n<li>M\u00f6jlighet att v\u00e4xla mellan vitt och IR-l\u00e4ge<\/li>\n<li>Konstruktion i flygindustrialuminium med h\u00e5rdanodiserad yta enligt milit\u00e4r standard<\/li>\n<li>IPX7 vattent\u00e5lighet<\/li>\n<li>Tryckknapp p\u00e5 bakstycket f\u00f6r enkel aktivering<\/li>\n<\/ul>\n<p>Med 2,5 timmars drifttid p\u00e5 h\u00f6g effekt och en str\u00e5lr\u00e4ckvidd p\u00e5 214 meter \u00e4r M640V PRO anv\u00e4ndbar f\u00f6r medel- till l\u00e5ngdistansoperationer. Den anv\u00e4nder SureFires teknologi.<\/p>\n","protected":false},"excerpt":{"rendered":"<p>M\u00e5ngsidig IR\/vit vapenlampa med 350 lumen och 120 mW IR-effekt.<\/p>\n","protected":false},"featured_media":353033,"template":"","meta":{"_acf_changed":false},"product_brand":[11880],"product_cat":[13012,13004,13044],"product_tag":[],"class_list":{"0":"post-405887","1":"product","2":"type-product","3":"status-publish","4":"has-post-thumbnail","6":"product_brand-surefire","7":"product_cat-edc-lyktor","8":"product_cat-gevaerslyktor","9":"product_cat-lampor","11":"first","12":"instock","13":"taxable","14":"shipping-taxable","15":"purchasable","16":"product-type-simple"},"acf":[],"_links":{"self":[{"href":"https:\/\/staging.nbg.eu\/sv\/wp-json\/wp\/v2\/product\/405887","targetHints":{"allow":["GET"]}}],"collection":[{"href":"https:\/\/staging.nbg.eu\/sv\/wp-json\/wp\/v2\/product"}],"about":[{"href":"https:\/\/staging.nbg.eu\/sv\/wp-json\/wp\/v2\/types\/product"}],"wp:featuredmedia":[{"embeddable":true,"href":"https:\/\/staging.nbg.eu\/sv\/wp-json\/wp\/v2\/media\/353033"}],"wp:attachment":[{"href":"https:\/\/staging.nbg.eu\/sv\/wp-json\/wp\/v2\/media?parent=405887"}],"wp:term":[{"taxonomy":"product_brand","embeddable":true,"href":"https:\/\/staging.nbg.eu\/sv\/wp-json\/wp\/v2\/product_brand?post=405887"},{"taxonomy":"product_cat","embeddable":true,"href":"https:\/\/staging.nbg.eu\/sv\/wp-json\/wp\/v2\/product_cat?post=405887"},{"taxonomy":"product_tag","embeddable":true,"href":"https:\/\/staging.nbg.eu\/sv\/wp-json\/wp\/v2\/product_tag?post=405887"}],"curies":[{"name":"wp","href":"https:\/\/api.w.org\/{rel}","templated":true}]}}