{"id":405780,"date":"2025-06-30T21:15:33","date_gmt":"2025-06-30T18:15:33","guid":{"rendered":"https:\/\/staging.nbg.eu\/product\/surefire-plr-b-edc-flashlight-stiletto-pro\/"},"modified":"2025-06-30T21:16:43","modified_gmt":"2025-06-30T18:16:43","slug":"surefire-plr-b-edc-ficklampa-stiletto-pro","status":"publish","type":"product","link":"https:\/\/staging.nbg.eu\/sv\/produkt\/surefire-plr-b-edc-ficklampa-stiletto-pro\/","title":{"rendered":"Surefire PLR-B EDC Ficklampa &#8211; Stiletto Pro"},"content":{"rendered":"<h2>Surefire PLR-B EDC Ficklampa &#8211; Stiletto Pro<\/h2>\n<p>Stiletto Pro \u00e4r en kompakt ficklampa f\u00f6r dagligt bruk. Den ger 1 000 lumen vitt LED-ljus med SureFires MaxVision Beam\u00ae reflektor.<\/p>\n<ul>\n<li>Tre programmerbara inst\u00e4llningar: 1 000 lumen (h\u00f6g), 300 lumen (medium) och 25 lumen (l\u00e5g)<\/li>\n<li>Tunn kropp av flygindustri-aluminium f\u00f6r enkel f\u00f6rvaring och h\u00e5llbarhet<\/li>\n<li>Mil-Spec h\u00e5rdanodiserad yta med IPX7 vattent\u00e4thet<\/li>\n<li>Taktisk bakre str\u00f6mbrytare f\u00f6r direkt h\u00f6g effekt och valfri stroboskop<\/li>\n<li>Integrerat USB-C uppladdningsbart litiumpolymerbatteri<\/li>\n<li>LED-indikator f\u00f6r batteristatus<\/li>\n<li>V\u00e4ndbart fickkl\u00e4mmaf\u00e4ste av fj\u00e4derst\u00e5l med Melonite\u00ae-bel\u00e4ggning<\/li>\n<\/ul>\n<p>Stiletto Pro \u00e4r 11,4 cm l\u00e5ng och v\u00e4ger 113 gram. Den passar i fickan och ger professionell belysning. Surefire Stiletto Pro \u00e4r en liten ficklampa med h\u00f6g prestanda.<\/p>\n","protected":false},"excerpt":{"rendered":"<p>Kompakt, kraftfull 1000-lumen EDC-lampa med MaxVision Beam\u00ae-teknik.<\/p>\n","protected":false},"featured_media":352677,"template":"","meta":{"_acf_changed":false},"product_brand":[11880],"product_cat":[13043,13012,13044],"product_tag":[],"class_list":{"0":"post-405780","1":"product","2":"type-product","3":"status-publish","4":"has-post-thumbnail","6":"product_brand-surefire","7":"product_cat-edc","8":"product_cat-edc-lyktor","9":"product_cat-lampor","11":"first","12":"instock","13":"taxable","14":"shipping-taxable","15":"purchasable","16":"product-type-simple"},"acf":[],"_links":{"self":[{"href":"https:\/\/staging.nbg.eu\/sv\/wp-json\/wp\/v2\/product\/405780","targetHints":{"allow":["GET"]}}],"collection":[{"href":"https:\/\/staging.nbg.eu\/sv\/wp-json\/wp\/v2\/product"}],"about":[{"href":"https:\/\/staging.nbg.eu\/sv\/wp-json\/wp\/v2\/types\/product"}],"wp:featuredmedia":[{"embeddable":true,"href":"https:\/\/staging.nbg.eu\/sv\/wp-json\/wp\/v2\/media\/352677"}],"wp:attachment":[{"href":"https:\/\/staging.nbg.eu\/sv\/wp-json\/wp\/v2\/media?parent=405780"}],"wp:term":[{"taxonomy":"product_brand","embeddable":true,"href":"https:\/\/staging.nbg.eu\/sv\/wp-json\/wp\/v2\/product_brand?post=405780"},{"taxonomy":"product_cat","embeddable":true,"href":"https:\/\/staging.nbg.eu\/sv\/wp-json\/wp\/v2\/product_cat?post=405780"},{"taxonomy":"product_tag","embeddable":true,"href":"https:\/\/staging.nbg.eu\/sv\/wp-json\/wp\/v2\/product_tag?post=405780"}],"curies":[{"name":"wp","href":"https:\/\/api.w.org\/{rel}","templated":true}]}}