{"id":405620,"date":"2025-05-05T23:43:01","date_gmt":"2025-05-05T20:43:01","guid":{"rendered":"https:\/\/staging.nbg.eu\/product\/surefire-plr-c-edc-flashlight-stiletto-pro-ii\/"},"modified":"2025-06-30T20:04:14","modified_gmt":"2025-06-30T17:04:14","slug":"surefire-plr-c-edc-ficklampa-stiletto-pro-ii","status":"publish","type":"product","link":"https:\/\/staging.nbg.eu\/sv\/produkt\/surefire-plr-c-edc-ficklampa-stiletto-pro-ii\/","title":{"rendered":"Surefire PLR-C EDC Ficklampa &#8211; Stiletto Pro II"},"content":{"rendered":"<h2>Surefire PLR-C EDC Ficklampa &#8211; Stiletto Pro II<\/h2>\n<p>Stiletto Pro II \u00e4r en ficklampa f\u00f6r dagligt b\u00e4rande. Den kombinerar en tunn profil med prestanda och ger upp till 1 500 lumen hybridstr\u00e5le som n\u00e5r 375 meter.<\/p>\n<ul>\n<li>Dubbel optik ger 35 000 candela f\u00f6r belysning p\u00e5 l\u00e5ngt avst\u00e5nd<\/li>\n<li>Tre programmerbara inst\u00e4llningar: H\u00f6g (1 500 lumen), Medium (500 lumen) och L\u00e5g (25 lumen)<\/li>\n<li>Kropp av flygplansaluminium f\u00f6r h\u00e5llbarhet<\/li>\n<li>Taktisk bakre str\u00f6mbrytare med valbar h\u00f6gfrekvent blinkning<\/li>\n<li>Inbyggt USB-C uppladdningsbart litiumpolymerbatteri<\/li>\n<li>LED-indikator f\u00f6r batteristatus<\/li>\n<li>V\u00e4ndbar fickkl\u00e4mmap\u00e5 av fj\u00e4derst\u00e5l med Melonite-bel\u00e4ggning<\/li>\n<li>IPX7 vattenbest\u00e4ndig upp till 1 meter i 30 minuter<\/li>\n<\/ul>\n<p>Stiletto Pro II kan anv\u00e4ndas f\u00f6r att navigera i m\u00f6rka gator eller vid utomhusaktiviteter. Den \u00e4r utformad f\u00f6r anv\u00e4ndning av polis, milit\u00e4r och vanliga anv\u00e4ndare.<\/p>\n","protected":false},"excerpt":{"rendered":"<p>Smal, kraftfull vardagslampa med 1 500 lumen och l\u00e5ngdistansstr\u00e5le.<\/p>\n","protected":false},"featured_media":352353,"template":"","meta":{"_acf_changed":false},"product_brand":[11880],"product_cat":[13043,13012,13044],"product_tag":[],"class_list":{"0":"post-405620","1":"product","2":"type-product","3":"status-publish","4":"has-post-thumbnail","6":"product_brand-surefire","7":"product_cat-edc","8":"product_cat-edc-lyktor","9":"product_cat-lampor","11":"first","12":"outofstock","13":"taxable","14":"shipping-taxable","15":"purchasable","16":"product-type-simple"},"acf":[],"_links":{"self":[{"href":"https:\/\/staging.nbg.eu\/sv\/wp-json\/wp\/v2\/product\/405620","targetHints":{"allow":["GET"]}}],"collection":[{"href":"https:\/\/staging.nbg.eu\/sv\/wp-json\/wp\/v2\/product"}],"about":[{"href":"https:\/\/staging.nbg.eu\/sv\/wp-json\/wp\/v2\/types\/product"}],"wp:featuredmedia":[{"embeddable":true,"href":"https:\/\/staging.nbg.eu\/sv\/wp-json\/wp\/v2\/media\/352353"}],"wp:attachment":[{"href":"https:\/\/staging.nbg.eu\/sv\/wp-json\/wp\/v2\/media?parent=405620"}],"wp:term":[{"taxonomy":"product_brand","embeddable":true,"href":"https:\/\/staging.nbg.eu\/sv\/wp-json\/wp\/v2\/product_brand?post=405620"},{"taxonomy":"product_cat","embeddable":true,"href":"https:\/\/staging.nbg.eu\/sv\/wp-json\/wp\/v2\/product_cat?post=405620"},{"taxonomy":"product_tag","embeddable":true,"href":"https:\/\/staging.nbg.eu\/sv\/wp-json\/wp\/v2\/product_tag?post=405620"}],"curies":[{"name":"wp","href":"https:\/\/api.w.org\/{rel}","templated":true}]}}