{"id":404824,"date":"2025-06-30T12:07:09","date_gmt":"2025-06-30T09:07:09","guid":{"rendered":"https:\/\/staging.nbg.eu\/product\/ammunition-sb-cal-357-mag-fmj-10-25g\/"},"modified":"2025-06-30T12:08:16","modified_gmt":"2025-06-30T09:08:16","slug":"ammunition-sb-kal-357-mag-fmj-1025g","status":"publish","type":"product","link":"https:\/\/staging.nbg.eu\/sv\/produkt\/ammunition-sb-kal-357-mag-fmj-1025g\/","title":{"rendered":"AMMUNITION S&#038;B kal. 357 Mag FMJ 10.25g"},"content":{"rendered":"<div class=\"product-description\">\n<h2>S&amp;B FMJ .357 Magnum 10,25g<\/h2>\n<p>Sellier &amp; Bellots helmantlade .357 Magnum patron. Denna ammunition \u00e4r l\u00e4mplig f\u00f6r revolverskyttar.<\/p>\n<h3>Egenskaper:<\/h3>\n<ul>\n<li>Kaliber: .357 Magnum<\/li>\n<li>Kulvikt: 158gr\/10,25g Helmantlad (FMJ)<\/li>\n<li>Mynningshastighet: 385 m\/s<\/li>\n<li>Ballistisk koefficient: 0,184<\/li>\n<li>Kraftfaktor: 199,6<\/li>\n<li>F\u00f6rpackningsstorlek: 50 skott<\/li>\n<\/ul>\n<p>Tillverkad av Sellier &amp; Bellot, en ammunitionstillverkare sedan 1825. Denna patron anv\u00e4nds f\u00f6r tr\u00e4ning, t\u00e4vling och andra skytteaktiviteter.<\/p>\n<p>Denna ammunition anv\u00e4nds av civila och milit\u00e4r personal \u00f6ver hela v\u00e4rlden. S&amp;B .357 Magnum erbjuder precision och tillf\u00f6rlitlighet.<\/p>\n<\/div>\n","protected":false},"excerpt":{"rendered":"<p>S&amp;B .357 Mag FMJ 10,25g: Kraftfull, precis revolverammunition f\u00f6r tr\u00e4ning<\/p>\n","protected":false},"featured_media":359138,"template":"","meta":{"_acf_changed":false},"product_brand":[],"product_cat":[13028,13038],"product_tag":[],"class_list":{"0":"post-404824","1":"product","2":"type-product","3":"status-publish","4":"has-post-thumbnail","6":"product_cat-ammunition","7":"product_cat-licensierad","9":"first","10":"instock","11":"taxable","12":"shipping-taxable","13":"purchasable","14":"product-type-simple"},"acf":[],"_links":{"self":[{"href":"https:\/\/staging.nbg.eu\/sv\/wp-json\/wp\/v2\/product\/404824","targetHints":{"allow":["GET"]}}],"collection":[{"href":"https:\/\/staging.nbg.eu\/sv\/wp-json\/wp\/v2\/product"}],"about":[{"href":"https:\/\/staging.nbg.eu\/sv\/wp-json\/wp\/v2\/types\/product"}],"wp:featuredmedia":[{"embeddable":true,"href":"https:\/\/staging.nbg.eu\/sv\/wp-json\/wp\/v2\/media\/359138"}],"wp:attachment":[{"href":"https:\/\/staging.nbg.eu\/sv\/wp-json\/wp\/v2\/media?parent=404824"}],"wp:term":[{"taxonomy":"product_brand","embeddable":true,"href":"https:\/\/staging.nbg.eu\/sv\/wp-json\/wp\/v2\/product_brand?post=404824"},{"taxonomy":"product_cat","embeddable":true,"href":"https:\/\/staging.nbg.eu\/sv\/wp-json\/wp\/v2\/product_cat?post=404824"},{"taxonomy":"product_tag","embeddable":true,"href":"https:\/\/staging.nbg.eu\/sv\/wp-json\/wp\/v2\/product_tag?post=404824"}],"curies":[{"name":"wp","href":"https:\/\/api.w.org\/{rel}","templated":true}]}}