{"id":39931,"date":"2024-08-26T13:35:02","date_gmt":"2024-09-09T14:49:59","guid":{"rendered":"https:\/\/staging.nbg.eu\/product\/vanward-felt\/"},"modified":"2024-09-09T14:51:10","modified_gmt":"2024-09-09T14:51:10","slug":"vanward-felt","status":"publish","type":"product","link":"https:\/\/staging.nbg.eu\/sv\/produkt\/vanward-felt\/","title":{"rendered":"Vanward Felt"},"content":{"rendered":"<div class=\"product-description\">\n<h2>Vanward Felt Ljudd\u00e4mpare<\/h2>\n<p>Upplev n\u00e4sta evolution inom ljudd\u00e4mpningsteknik med Vanward Felt, utvecklad fr\u00e5n TE-Titans 3D-printade ljudd\u00e4mpare.<\/p>\n<h2>Viktiga funktioner:<\/h2>\n<ul>\n<li>Optimerad baffelplacering f\u00f6r \u00f6verl\u00e4gsen tryckutj\u00e4mning<\/li>\n<li>Hexagonal yttre design f\u00f6r \u00f6kad styrka och effektiv kylning<\/li>\n<li>Otroligt l\u00e4tt, endast 171 gram*<\/li>\n<li>3D-printad i ett stycke av grad 5 titan<\/li>\n<li>G\u00e4ngad sektion i rostfritt st\u00e5l<\/li>\n<li>Motst\u00e5ndskraftig mot vatten, saltl\u00f6sningar och vapengaser<\/li>\n<li>Minimal vidh\u00e4ftning av krutresiduer<\/li>\n<\/ul>\n<h2>Specifikationer:<\/h2>\n<ul>\n<li>Tillg\u00e4ngliga kalibrar: .223, .264, .30<\/li>\n<li>G\u00e4ngtyper: M18x1, M15x1, M14x1, 1\/2*28<\/li>\n<li>Dimensioner: \u00d842mm x 130mm l\u00e4ngd<\/li>\n<\/ul>\n<p>Designad med input fr\u00e5n toppskyttar i f\u00e4lt, erbjuder Vanward Felt o\u00f6vertr\u00e4ffad s\u00e4kerhet, styrka och prestanda. Dess integrerade kylfl\u00e4nsar och l\u00e4tta design g\u00f6r den idealisk f\u00f6r f\u00e4ltskytteapplikationer.<\/p>\n<p><em>*Vikt f\u00f6r M14x1 g\u00e4ngtyp<\/em><\/p>\n<\/div>\n","protected":false},"excerpt":{"rendered":"<p>L\u00e4tt, 3D-utskriven titaniumljudd\u00e4mpare med optimerad design.<\/p>\n","protected":false},"featured_media":32236,"template":"","meta":{"_acf_changed":false},"product_brand":[11946],"product_cat":[13053,13006,12988],"product_tag":[],"class_list":{"0":"post-39931","1":"product","2":"type-product","3":"status-publish","4":"has-post-thumbnail","6":"product_brand-vanward","7":"product_cat-gevaer","8":"product_cat-gevaersljuddaempare","9":"product_cat-ljuddaempare","11":"first","12":"instock","13":"taxable","14":"shipping-taxable","15":"purchasable","16":"product-type-variable","17":"wvs-archive-product-wrapper"},"acf":[],"_links":{"self":[{"href":"https:\/\/staging.nbg.eu\/sv\/wp-json\/wp\/v2\/product\/39931","targetHints":{"allow":["GET"]}}],"collection":[{"href":"https:\/\/staging.nbg.eu\/sv\/wp-json\/wp\/v2\/product"}],"about":[{"href":"https:\/\/staging.nbg.eu\/sv\/wp-json\/wp\/v2\/types\/product"}],"wp:featuredmedia":[{"embeddable":true,"href":"https:\/\/staging.nbg.eu\/sv\/wp-json\/wp\/v2\/media\/32236"}],"wp:attachment":[{"href":"https:\/\/staging.nbg.eu\/sv\/wp-json\/wp\/v2\/media?parent=39931"}],"wp:term":[{"taxonomy":"product_brand","embeddable":true,"href":"https:\/\/staging.nbg.eu\/sv\/wp-json\/wp\/v2\/product_brand?post=39931"},{"taxonomy":"product_cat","embeddable":true,"href":"https:\/\/staging.nbg.eu\/sv\/wp-json\/wp\/v2\/product_cat?post=39931"},{"taxonomy":"product_tag","embeddable":true,"href":"https:\/\/staging.nbg.eu\/sv\/wp-json\/wp\/v2\/product_tag?post=39931"}],"curies":[{"name":"wp","href":"https:\/\/api.w.org\/{rel}","templated":true}]}}