{"id":37622,"date":"2024-09-02T10:54:46","date_gmt":"2024-09-02T10:54:46","guid":{"rendered":"https:\/\/staging.nbg.eu\/product\/bcm-quick-detach-sling-swivel-heavy-duty-design\/"},"modified":"2024-09-09T14:29:17","modified_gmt":"2024-09-09T14:29:17","slug":"bcm-quick-detach-sling-swivel-heavy-duty-design","status":"publish","type":"product","link":"https:\/\/staging.nbg.eu\/sv\/produkt\/bcm-quick-detach-sling-swivel-heavy-duty-design\/","title":{"rendered":"BCM\u00ae Quick Detach Sling Swivel (Heavy Duty Design)"},"content":{"rendered":"<div class=\"product-description\">\n<h2>BCM\u00ae Snabbkopplad Rembygel (Robust Design)<\/h2>\n<p>F\u00f6rb\u00e4ttra ditt skjutvapens funktionalitet med BCM\u00ae Snabbkopplad Rembygel, konstruerad f\u00f6r h\u00e5llbarhet och p\u00e5litlighet.<\/p>\n<ul>\n<li>Inf\u00e4lld kolvsdesign f\u00f6rhindrar oavsiktlig frig\u00f6ring och s\u00e4kerst\u00e4ller att din rem f\u00f6rblir s\u00e4kert f\u00e4st<\/li>\n<li>Precisionstillverkad av kolst\u00e5l med manganfosfatfinish f\u00f6r \u00f6verl\u00e4gsen korrosionsbest\u00e4ndighet<\/li>\n<li>Trumlavgradad och sandbl\u00e4stad f\u00f6re pl\u00e4tering f\u00f6r en j\u00e4mn, hakfri yta<\/li>\n<li>Kompatibel med 1-1\/4&#8243; remmar, vilket erbjuder m\u00e5ngsidighet f\u00f6r olika upps\u00e4ttningar<\/li>\n<li>Robust konstruktion som t\u00e5l kr\u00e4vande anv\u00e4ndning i utmanande milj\u00f6er<\/li>\n<\/ul>\n<p>Lita p\u00e5 BCM:s engagemang f\u00f6r kvalitet och prestanda. Denna snabbkopplade rembygel \u00e4r det perfekta till\u00e4gget till din taktiska utrustning och ger snabb montering och demontering utan att kompromissa med s\u00e4kerheten.<\/p>\n<\/div>\n","protected":false},"excerpt":{"rendered":"<p>Snabbkopplad, robust rembygel\u00f6gla. S\u00e4ker, h\u00e5llbar, kompatibel med 1-1\/4 tum.<\/p>\n","protected":false},"featured_media":36993,"template":"","meta":{"_acf_changed":false},"product_brand":[11073],"product_cat":[13053,13002,13016],"product_tag":[],"class_list":{"0":"post-37622","1":"product","2":"type-product","3":"status-publish","4":"has-post-thumbnail","6":"product_brand-bcm","7":"product_cat-gevaer","8":"product_cat-gevaersjustering","9":"product_cat-remmar","11":"first","12":"instock","13":"taxable","14":"shipping-taxable","15":"purchasable","16":"product-type-simple"},"acf":[],"_links":{"self":[{"href":"https:\/\/staging.nbg.eu\/sv\/wp-json\/wp\/v2\/product\/37622","targetHints":{"allow":["GET"]}}],"collection":[{"href":"https:\/\/staging.nbg.eu\/sv\/wp-json\/wp\/v2\/product"}],"about":[{"href":"https:\/\/staging.nbg.eu\/sv\/wp-json\/wp\/v2\/types\/product"}],"wp:featuredmedia":[{"embeddable":true,"href":"https:\/\/staging.nbg.eu\/sv\/wp-json\/wp\/v2\/media\/36993"}],"wp:attachment":[{"href":"https:\/\/staging.nbg.eu\/sv\/wp-json\/wp\/v2\/media?parent=37622"}],"wp:term":[{"taxonomy":"product_brand","embeddable":true,"href":"https:\/\/staging.nbg.eu\/sv\/wp-json\/wp\/v2\/product_brand?post=37622"},{"taxonomy":"product_cat","embeddable":true,"href":"https:\/\/staging.nbg.eu\/sv\/wp-json\/wp\/v2\/product_cat?post=37622"},{"taxonomy":"product_tag","embeddable":true,"href":"https:\/\/staging.nbg.eu\/sv\/wp-json\/wp\/v2\/product_tag?post=37622"}],"curies":[{"name":"wp","href":"https:\/\/api.w.org\/{rel}","templated":true}]}}