{"id":37599,"date":"2024-09-02T16:31:14","date_gmt":"2024-09-02T16:31:14","guid":{"rendered":"https:\/\/staging.nbg.eu\/product\/bcm-mcmr-sm-quick-detachable-sling-mount-m-lok-compatible\/"},"modified":"2024-09-09T14:22:21","modified_gmt":"2024-09-09T14:22:21","slug":"bcm-mcmr-sm-quick-detachable-sling-mount-m-lok-compatible","status":"publish","type":"product","link":"https:\/\/staging.nbg.eu\/sv\/produkt\/bcm-mcmr-sm-quick-detachable-sling-mount-m-lok-compatible\/","title":{"rendered":"BCM\u00ae MCMR-SM Quick Detachable Sling Mount (M-LOK\u00ae Compatible*)"},"content":{"rendered":"<div class=\"product-description\">\n<h2>BCM\u00ae MCMR-SM Snabbkopplingsbar Remf\u00e4ste (M-LOK\u00ae-kompatibel*)<\/h2>\n<p>F\u00f6rb\u00e4ttra ditt vapens m\u00e5ngsidighet med BCM\u00ae MCMR-SM Snabbkopplingsbar Remf\u00e4ste. Detta l\u00e5gprofilstillbeh\u00f6r \u00e4r utformat f\u00f6r \u00f6kad r\u00f6rlighet och minskad risk f\u00f6r att fastna, vilket g\u00f6r det till ett v\u00e4sentligt till\u00e4gg till din M-LOK\u00ae-kompatibla utrustning.<\/p>\n<ul>\n<li>M-LOK\u00ae-kompatibel f\u00f6r enkel installation<\/li>\n<li>Rymmer standard tryckknapp, snabbkopplande remsvivlar (ing\u00e5r ej)<\/li>\n<li>8-positioners (360\u00b0) icke-roterande l\u00e5sgr\u00e4nssnitt f\u00f6r optimal remplacering<\/li>\n<li>H\u00e5llbar konstruktion helt i st\u00e5l s\u00e4kerst\u00e4ller l\u00e5ngvarig prestanda<\/li>\n<\/ul>\n<p>Upplev f\u00f6rb\u00e4ttrad man\u00f6vrerbarhet och snabb remf\u00e4stning med detta robusta f\u00e4ste med l\u00e5g profil. Obs: Snabbkopplande remsvivel s\u00e4ljs separat.<\/p>\n<\/div>\n","protected":false},"excerpt":{"rendered":"<p>BCM\u00ae MCMR-SM QD Slingf\u00e4ste: L\u00e5gprofil, M-LOK-kompatibel.<\/p>\n","protected":false},"featured_media":37063,"template":"","meta":{"_acf_changed":false},"product_brand":[11073],"product_cat":[13053,13002,13016],"product_tag":[],"class_list":{"0":"post-37599","1":"product","2":"type-product","3":"status-publish","4":"has-post-thumbnail","6":"product_brand-bcm","7":"product_cat-gevaer","8":"product_cat-gevaersjustering","9":"product_cat-remmar","11":"first","12":"instock","13":"taxable","14":"shipping-taxable","15":"purchasable","16":"product-type-simple"},"acf":[],"_links":{"self":[{"href":"https:\/\/staging.nbg.eu\/sv\/wp-json\/wp\/v2\/product\/37599","targetHints":{"allow":["GET"]}}],"collection":[{"href":"https:\/\/staging.nbg.eu\/sv\/wp-json\/wp\/v2\/product"}],"about":[{"href":"https:\/\/staging.nbg.eu\/sv\/wp-json\/wp\/v2\/types\/product"}],"wp:featuredmedia":[{"embeddable":true,"href":"https:\/\/staging.nbg.eu\/sv\/wp-json\/wp\/v2\/media\/37063"}],"wp:attachment":[{"href":"https:\/\/staging.nbg.eu\/sv\/wp-json\/wp\/v2\/media?parent=37599"}],"wp:term":[{"taxonomy":"product_brand","embeddable":true,"href":"https:\/\/staging.nbg.eu\/sv\/wp-json\/wp\/v2\/product_brand?post=37599"},{"taxonomy":"product_cat","embeddable":true,"href":"https:\/\/staging.nbg.eu\/sv\/wp-json\/wp\/v2\/product_cat?post=37599"},{"taxonomy":"product_tag","embeddable":true,"href":"https:\/\/staging.nbg.eu\/sv\/wp-json\/wp\/v2\/product_tag?post=37599"}],"curies":[{"name":"wp","href":"https:\/\/api.w.org\/{rel}","templated":true}]}}