{"id":37550,"date":"2024-09-02T16:37:54","date_gmt":"2024-09-02T16:37:54","guid":{"rendered":"https:\/\/staging.nbg.eu\/product\/bcm-kag-m-lok-compatible\/"},"modified":"2024-09-09T14:01:48","modified_gmt":"2024-09-09T14:01:48","slug":"bcm-kag-m-lok-compatible","status":"publish","type":"product","link":"https:\/\/staging.nbg.eu\/sv\/produkt\/bcm-kag-m-lok-compatible\/","title":{"rendered":"BCM\u00ae KAG &#8211; (M-LOK\u00ae Compatible*)"},"content":{"rendered":"<div class=\"product-description\">\n<h2>BCM\u00ae KAG &#8211; Kinesthetiskt Vinklat Grepp (M-LOK\u00ae Kompatibelt*)<\/h2>\n<p>F\u00f6rb\u00e4ttra din skyttupplevelse med BCM\u00ae KAG, ett samarbete mellan BCM\u00ae och Travis Haley fr\u00e5n Haley Strategic Partners. Detta innovativa grepp har f\u00f6ljande egenskaper:<\/p>\n<ul>\n<li>Biomekaniskt effektiv fram\u00e5tlutning f\u00f6r positivt grepp<\/li>\n<li>Avlastning f\u00f6r handled, armb\u00e5ge och axel<\/li>\n<li>Texturerad fram- och baksida f\u00f6r konsekvent anv\u00e4ndning<\/li>\n<li>Idealiskt f\u00f6r &#8221;C-kl\u00e4mgrepp&#8221; och underst\u00f6dda skjutpositioner<\/li>\n<li>Kompakt design f\u00f6r f\u00f6rb\u00e4ttrad vapenhantering<\/li>\n<li>Tillverkad i USA av h\u00f6gkvalitativa, slagt\u00e5liga polymerer<\/li>\n<\/ul>\n<p>KAG:s ergonomiska design kompletterar moderna skyttgrepp och m\u00f6jligg\u00f6r smidiga \u00f6verg\u00e5ngar och \u00f6kad effektivitet utan att l\u00e4gga till on\u00f6dig volym till ditt vapensystem.<\/p>\n<\/div>\n","protected":false},"excerpt":{"rendered":"<p>BCM\u00ae KAG: Ergonomiskt M-LOK\u00ae-grepp f\u00f6r f\u00f6rb\u00e4ttrad vapenkontroll.<\/p>\n","protected":false},"featured_media":37366,"template":"","meta":{"_acf_changed":false},"product_brand":[11073],"product_cat":[13069],"product_tag":[],"class_list":{"0":"post-37550","1":"product","2":"type-product","3":"status-publish","4":"has-post-thumbnail","6":"product_brand-bcm","7":"product_cat-okategoriserad","9":"first","10":"instock","11":"taxable","12":"shipping-taxable","13":"purchasable","14":"product-type-variable","15":"wvs-archive-product-wrapper"},"acf":[],"_links":{"self":[{"href":"https:\/\/staging.nbg.eu\/sv\/wp-json\/wp\/v2\/product\/37550","targetHints":{"allow":["GET"]}}],"collection":[{"href":"https:\/\/staging.nbg.eu\/sv\/wp-json\/wp\/v2\/product"}],"about":[{"href":"https:\/\/staging.nbg.eu\/sv\/wp-json\/wp\/v2\/types\/product"}],"wp:featuredmedia":[{"embeddable":true,"href":"https:\/\/staging.nbg.eu\/sv\/wp-json\/wp\/v2\/media\/37366"}],"wp:attachment":[{"href":"https:\/\/staging.nbg.eu\/sv\/wp-json\/wp\/v2\/media?parent=37550"}],"wp:term":[{"taxonomy":"product_brand","embeddable":true,"href":"https:\/\/staging.nbg.eu\/sv\/wp-json\/wp\/v2\/product_brand?post=37550"},{"taxonomy":"product_cat","embeddable":true,"href":"https:\/\/staging.nbg.eu\/sv\/wp-json\/wp\/v2\/product_cat?post=37550"},{"taxonomy":"product_tag","embeddable":true,"href":"https:\/\/staging.nbg.eu\/sv\/wp-json\/wp\/v2\/product_tag?post=37550"}],"curies":[{"name":"wp","href":"https:\/\/api.w.org\/{rel}","templated":true}]}}