{"id":36330,"date":"2024-07-30T18:55:35","date_gmt":"2024-09-02T13:50:55","guid":{"rendered":"https:\/\/staging.nbg.eu\/product\/helium-whisper-zippered-accessory-pouch\/"},"modified":"2024-09-02T13:52:03","modified_gmt":"2024-09-02T13:52:03","slug":"helium-whisper-zippered-accessory-pouch","status":"publish","type":"product","link":"https:\/\/staging.nbg.eu\/sv\/produkt\/helium-whisper-zippered-accessory-pouch\/","title":{"rendered":"HELIUM WHISPER\u00ae ZIPPERED ACCESSORY POUCH"},"content":{"rendered":"<p>\nHELIUM WHISPER\u00ae ZIPPERED ACCESSORY POUCH fr\u00e5n BlueForceGear \u00e4r en m\u00e5ngsidig och l\u00e4tt f\u00f6rvaringsl\u00f6sning f\u00f6r din taktiska utrustning. Den har f\u00f6ljande egenskaper:<\/p>\n<ul>\n<li>Ultral\u00e4tt ULTRAcomp\u00ae-material f\u00f6r h\u00e5llbarhet och vattenbest\u00e4ndighet<\/li>\n<li>MOLLE-kompatibelt Helium Whisper\u00ae-f\u00e4stsystem f\u00f6r enkel integration<\/li>\n<li>Huvudfack med dragkedja f\u00f6r s\u00e4ker f\u00f6rvaring<\/li>\n<li>Interna elastiska organisations\u00f6glor f\u00f6r sm\u00e5saker<\/li>\n<li>Finns i flera f\u00e4rger f\u00f6r att matcha din utrustning<\/li>\n<\/ul>\n<p>Perfekt f\u00f6r f\u00f6rvaring av sjukv\u00e5rdsmateriel, elektronik eller andra viktiga f\u00f6rem\u00e5l. Denna v\u00e4ska kombinerar funktionalitet med BlueForceGears innovativa design f\u00f6r optimal prestanda i alla milj\u00f6er.<\/p>\n","protected":false},"excerpt":{"rendered":"<p>L\u00e4tt, m\u00e5ngsidig v\u00e4ska f\u00f6r s\u00e4ker f\u00f6rvaring av utrustning n\u00e4r du \u00e4r p\u00e5 spr\u00e5ng.<\/p>\n","protected":false},"featured_media":36331,"template":"","meta":{"_acf_changed":false},"product_brand":[11143],"product_cat":[13011,13020],"product_tag":[],"class_list":{"0":"post-36330","1":"product","2":"type-product","3":"status-publish","4":"has-post-thumbnail","6":"product_brand-blue-force-gear","7":"product_cat-fickor","8":"product_cat-utrustning","10":"first","11":"instock","12":"taxable","13":"shipping-taxable","14":"purchasable","15":"product-type-variable","16":"wvs-archive-product-wrapper"},"acf":[],"_links":{"self":[{"href":"https:\/\/staging.nbg.eu\/sv\/wp-json\/wp\/v2\/product\/36330","targetHints":{"allow":["GET"]}}],"collection":[{"href":"https:\/\/staging.nbg.eu\/sv\/wp-json\/wp\/v2\/product"}],"about":[{"href":"https:\/\/staging.nbg.eu\/sv\/wp-json\/wp\/v2\/types\/product"}],"wp:featuredmedia":[{"embeddable":true,"href":"https:\/\/staging.nbg.eu\/sv\/wp-json\/wp\/v2\/media\/36331"}],"wp:attachment":[{"href":"https:\/\/staging.nbg.eu\/sv\/wp-json\/wp\/v2\/media?parent=36330"}],"wp:term":[{"taxonomy":"product_brand","embeddable":true,"href":"https:\/\/staging.nbg.eu\/sv\/wp-json\/wp\/v2\/product_brand?post=36330"},{"taxonomy":"product_cat","embeddable":true,"href":"https:\/\/staging.nbg.eu\/sv\/wp-json\/wp\/v2\/product_cat?post=36330"},{"taxonomy":"product_tag","embeddable":true,"href":"https:\/\/staging.nbg.eu\/sv\/wp-json\/wp\/v2\/product_tag?post=36330"}],"curies":[{"name":"wp","href":"https:\/\/api.w.org\/{rel}","templated":true}]}}