{"id":36224,"date":"2024-04-18T05:40:44","date_gmt":"2024-09-02T13:40:10","guid":{"rendered":"https:\/\/staging.nbg.eu\/product\/blue-force-gear-vickers-sling-1-25\/"},"modified":"2024-09-13T09:18:05","modified_gmt":"2024-09-13T09:18:05","slug":"blue-force-gear-vickers-sling-1-25","status":"publish","type":"product","link":"https:\/\/staging.nbg.eu\/sv\/produkt\/blue-force-gear-vickers-sling-1-25\/","title":{"rendered":"Blue Force Gear Vickers Sling, 1.25&#8243;"},"content":{"rendered":"<div class=\"product-description\">\n<h2>Blue Force Gear Vickers Sling, 1,25&#8243;<\/h2>\n<p>Vickers Combat Applications Sling\u2122 \u00e4r en taktisk rem utvecklad tillsammans med Larry Vickers, tidigare medlem i 1st SFOD-Delta och f\u00f6rfattare till Vickers Guide.<\/p>\n<ul>\n<li>Snabbjusterbar design<\/li>\n<li>1,25&#8243; bredd f\u00f6r viktf\u00f6rdelning<\/li>\n<li>Anv\u00e4nds av USA:s milit\u00e4r<\/li>\n<li>H\u00e5llbar konstruktion<\/li>\n<\/ul>\n<p>Remmen \u00e4r utformad f\u00f6r att f\u00f6rb\u00e4ttra hantering och r\u00f6rlighet med gev\u00e4r. Den passar b\u00e5de professionella anv\u00e4ndare och entusiaster.<\/p>\n<\/div>\n","protected":false},"excerpt":{"rendered":"<p>Taktisk sele av Larry Vickers. Snabbjusterbar, av milit\u00e4r kvalitet.<\/p>\n","protected":false},"featured_media":36225,"template":"","meta":{"_acf_changed":false},"product_brand":[11143],"product_cat":[13016,13020],"product_tag":[],"class_list":{"0":"post-36224","1":"product","2":"type-product","3":"status-publish","4":"has-post-thumbnail","6":"product_brand-blue-force-gear","7":"product_cat-remmar","8":"product_cat-utrustning","10":"first","11":"instock","12":"taxable","13":"shipping-taxable","14":"purchasable","15":"product-type-variable","16":"wvs-archive-product-wrapper"},"acf":[],"_links":{"self":[{"href":"https:\/\/staging.nbg.eu\/sv\/wp-json\/wp\/v2\/product\/36224","targetHints":{"allow":["GET"]}}],"collection":[{"href":"https:\/\/staging.nbg.eu\/sv\/wp-json\/wp\/v2\/product"}],"about":[{"href":"https:\/\/staging.nbg.eu\/sv\/wp-json\/wp\/v2\/types\/product"}],"wp:featuredmedia":[{"embeddable":true,"href":"https:\/\/staging.nbg.eu\/sv\/wp-json\/wp\/v2\/media\/36225"}],"wp:attachment":[{"href":"https:\/\/staging.nbg.eu\/sv\/wp-json\/wp\/v2\/media?parent=36224"}],"wp:term":[{"taxonomy":"product_brand","embeddable":true,"href":"https:\/\/staging.nbg.eu\/sv\/wp-json\/wp\/v2\/product_brand?post=36224"},{"taxonomy":"product_cat","embeddable":true,"href":"https:\/\/staging.nbg.eu\/sv\/wp-json\/wp\/v2\/product_cat?post=36224"},{"taxonomy":"product_tag","embeddable":true,"href":"https:\/\/staging.nbg.eu\/sv\/wp-json\/wp\/v2\/product_tag?post=36224"}],"curies":[{"name":"wp","href":"https:\/\/api.w.org\/{rel}","templated":true}]}}